{"id":80,"date":"2024-12-15T11:08:15","date_gmt":"2024-12-15T11:08:15","guid":{"rendered":"https:\/\/pujucon.fi\/wordpress\/?page_id=80"},"modified":"2024-12-15T11:27:39","modified_gmt":"2024-12-15T11:27:39","slug":"ilmoitus-nimenmuutoksesta","status":"publish","type":"page","link":"https:\/\/pujucon.fi\/index.php\/lomakkeet\/ilmoitus-nimenmuutoksesta\/","title":{"rendered":"Ilmoitus nimenmuutoksesta"},"content":{"rendered":"\n<div class=\"wpcf7 no-js\" id=\"wpcf7-f81-o1\" lang=\"en-US\" dir=\"ltr\" data-wpcf7-id=\"81\">\n<div class=\"screen-reader-response\"><p role=\"status\" aria-live=\"polite\" aria-atomic=\"true\"><\/p> <ul><\/ul><\/div>\n<form action=\"\/index.php\/wp-json\/wp\/v2\/pages\/80#wpcf7-f81-o1\" method=\"post\" class=\"wpcf7-form init\" aria-label=\"Contact form\" enctype=\"multipart\/form-data\" novalidate=\"novalidate\" data-status=\"init\">\n<fieldset class=\"hidden-fields-container\"><input type=\"hidden\" name=\"_wpcf7\" value=\"81\" \/><input type=\"hidden\" name=\"_wpcf7_version\" value=\"6.1\" \/><input type=\"hidden\" name=\"_wpcf7_locale\" value=\"en_US\" \/><input type=\"hidden\" name=\"_wpcf7_unit_tag\" value=\"wpcf7-f81-o1\" \/><input type=\"hidden\" name=\"_wpcf7_container_post\" value=\"0\" \/><input type=\"hidden\" name=\"_wpcf7_posted_data_hash\" value=\"\" \/><input type=\"hidden\" name=\"_wpcf7cf_hidden_group_fields\" value=\"[]\" \/><input type=\"hidden\" name=\"_wpcf7cf_hidden_groups\" value=\"[]\" \/><input type=\"hidden\" name=\"_wpcf7cf_visible_groups\" value=\"[]\" \/><input type=\"hidden\" name=\"_wpcf7cf_repeaters\" value=\"[]\" \/><input type=\"hidden\" name=\"_wpcf7cf_steps\" value=\"{}\" \/><input type=\"hidden\" name=\"_wpcf7cf_options\" value=\"{&quot;form_id&quot;:81,&quot;conditions&quot;:[],&quot;settings&quot;:{&quot;animation&quot;:&quot;yes&quot;,&quot;animation_intime&quot;:200,&quot;animation_outtime&quot;:200,&quot;conditions_ui&quot;:&quot;normal&quot;,&quot;notice_dismissed&quot;:false}}\" \/>\n<\/fieldset>\n<p><label> Etunimet*<\/label><br \/>\n<span class=\"wpcf7-form-control-wrap\" data-name=\"etunimet\"><input size=\"40\" maxlength=\"400\" class=\"wpcf7-form-control wpcf7-text wpcf7-validates-as-required\" aria-required=\"true\" aria-invalid=\"false\" value=\"\" type=\"text\" name=\"etunimet\" \/><\/span>\n<\/p>\n<p><label> Sukunimi*<\/label><br \/>\n<span class=\"wpcf7-form-control-wrap\" data-name=\"sukunimi\"><input size=\"40\" maxlength=\"400\" class=\"wpcf7-form-control wpcf7-text wpcf7-validates-as-required\" aria-required=\"true\" aria-invalid=\"false\" value=\"\" type=\"text\" name=\"sukunimi\" \/><\/span>\n<\/p>\n<p><label> Syntym\u00e4aika*<\/label><br \/>\n<span class=\"wpcf7-form-control-wrap\" data-name=\"syntyma_aika\"><input class=\"wpcf7-form-control wpcf7-date wpcf7-validates-as-required wpcf7-validates-as-date\" aria-required=\"true\" aria-invalid=\"false\" value=\"\" type=\"date\" name=\"syntyma_aika\" \/><\/span>\n<\/p>\n<p><label> Entinen nimi*<\/label><br \/>\n<span class=\"wpcf7-form-control-wrap\" data-name=\"entinen_nimi\"><input size=\"40\" maxlength=\"400\" class=\"wpcf7-form-control wpcf7-text wpcf7-validates-as-required\" aria-required=\"true\" aria-invalid=\"false\" value=\"\" type=\"text\" name=\"entinen_nimi\" \/><\/span>\n<\/p>\n<p><label> Osoite*<\/label><br \/>\n<span class=\"wpcf7-form-control-wrap\" data-name=\"osoite\"><input size=\"40\" maxlength=\"400\" class=\"wpcf7-form-control wpcf7-text wpcf7-validates-as-required\" aria-required=\"true\" aria-invalid=\"false\" value=\"\" type=\"text\" name=\"osoite\" \/><\/span>\n<\/p>\n<p><label> Postinumero*<\/label><br \/>\n<span class=\"wpcf7-form-control-wrap\" data-name=\"postinumero\"><input size=\"40\" maxlength=\"400\" class=\"wpcf7-form-control wpcf7-text wpcf7-validates-as-required\" aria-required=\"true\" aria-invalid=\"false\" value=\"\" type=\"text\" name=\"postinumero\" \/><\/span>\n<\/p>\n<p><label> Postitoimipaikka*<\/label><br \/>\n<span class=\"wpcf7-form-control-wrap\" data-name=\"postitoimipaikka\"><input size=\"40\" maxlength=\"400\" class=\"wpcf7-form-control wpcf7-text wpcf7-validates-as-required\" aria-required=\"true\" aria-invalid=\"false\" value=\"\" type=\"text\" name=\"postitoimipaikka\" \/><\/span>\n<\/p>\n<p><label> S\u00e4hk\u00f6postiosoite *<\/label><br \/>\n<span class=\"wpcf7-form-control-wrap\" data-name=\"sahkoposti\"><input size=\"40\" maxlength=\"400\" class=\"wpcf7-form-control wpcf7-email wpcf7-validates-as-required wpcf7-text wpcf7-validates-as-email\" aria-required=\"true\" aria-invalid=\"false\" value=\"\" type=\"email\" name=\"sahkoposti\" \/><\/span>\n<\/p>\n<p><label> Puhelin*<\/label><br \/>\n<span class=\"wpcf7-form-control-wrap\" data-name=\"puhelin\"><input size=\"40\" maxlength=\"400\" class=\"wpcf7-form-control wpcf7-tel wpcf7-validates-as-required wpcf7-text wpcf7-validates-as-tel\" aria-required=\"true\" aria-invalid=\"false\" value=\"\" type=\"tel\" name=\"puhelin\" \/><\/span>\n<\/p>\n<p><label> Viranomainen, jonka p\u00e4\u00e4t\u00f6ksell\u00e4 nimi on muutettu*<\/label><br \/>\n<span class=\"wpcf7-form-control-wrap\" data-name=\"viranomainen\"><span class=\"wpcf7-form-control wpcf7-checkbox wpcf7-validates-as-required\"><span class=\"wpcf7-list-item first\"><input type=\"checkbox\" name=\"viranomainen[]\" value=\"Aluehallintovirasto\" \/><span class=\"wpcf7-list-item-label\">Aluehallintovirasto<\/span><\/span><span class=\"wpcf7-list-item\"><input type=\"checkbox\" name=\"viranomainen[]\" value=\"K\u00e4r\u00e4j\u00e4oikeus\" \/><span class=\"wpcf7-list-item-label\">K\u00e4r\u00e4j\u00e4oikeus<\/span><\/span><span class=\"wpcf7-list-item last\"><input type=\"checkbox\" name=\"viranomainen[]\" value=\"Ottanut entisen sukunimens\u00e4\" \/><span class=\"wpcf7-list-item-label\">Ottanut entisen sukunimens\u00e4<\/span><\/span><\/span><\/span>\n<\/p>\n<p><label> Nimenmuutosp\u00e4iv\u00e4*<\/label><br \/>\n<span class=\"wpcf7-form-control-wrap\" data-name=\"nimenmuutospvm\"><input class=\"wpcf7-form-control wpcf7-date wpcf7-validates-as-required wpcf7-validates-as-date\" aria-required=\"true\" aria-invalid=\"false\" value=\"\" type=\"date\" name=\"nimenmuutospvm\" \/><\/span>\n<\/p>\n<p><label> Avioliiton solmimisp\u00e4iv\u00e4, jos nimi on muuttunut avioliiton solmimisen johdosta<\/label><br \/>\n<span class=\"wpcf7-form-control-wrap\" data-name=\"avioliiton_solmimispvm\"><input class=\"wpcf7-form-control wpcf7-date wpcf7-validates-as-date\" aria-invalid=\"false\" value=\"\" type=\"date\" name=\"avioliiton_solmimispvm\" \/><\/span>\n<\/p>\n<p>Mik\u00e4li olet osakkeenomistaja, liit\u00e4 t\u00e4h\u00e4n vihki- tai virkatodistus osakerekisterin nimenmuutosta varten. Todistusta tarvitaan osakerekisterin nimenmuutoksia varten.\n<\/p>\n<p><label> Liitteiden lataus<\/label><br \/>\n<span class=\"wpcf7-form-control-wrap\" data-name=\"liitteet\"><input size=\"40\" class=\"wpcf7-form-control wpcf7-file\" accept=\".pdf,.doc,.docx,.odt,.zip\" aria-invalid=\"false\" type=\"file\" name=\"liitteet\" \/><\/span>\n<\/p>\n<p><span class=\"wpcf7-form-control-wrap\" data-name=\"tietosuoja\"><span class=\"wpcf7-form-control wpcf7-acceptance\"><span class=\"wpcf7-list-item\"><input type=\"checkbox\" name=\"tietosuoja\" value=\"1\" aria-invalid=\"false\" \/><\/span><\/span><\/span> Hyv\u00e4ksyn henkil\u00f6tietojeni k\u00e4yt\u00f6n <a href=\"https:\/\/pujucon.fi\/wordpress\/wp-content\/uploads\/2025\/03\/Pujucon-Palvelut-Oy-tietosuojaseloste.pdf\" target=\"_blank\">tietosuojaselosteen<\/a> mukaisesti.\n<\/p>\n<p><input class=\"wpcf7-form-control wpcf7-submit has-spinner\" type=\"submit\" value=\"L\u00e4het\u00e4\" \/>\n<\/p><p style=\"display: none !important;\" class=\"akismet-fields-container\" data-prefix=\"_wpcf7_ak_\"><label>&#916;<textarea name=\"_wpcf7_ak_hp_textarea\" cols=\"45\" rows=\"8\" maxlength=\"100\"><\/textarea><\/label><input type=\"hidden\" id=\"ak_js_1\" name=\"_wpcf7_ak_js\" value=\"95\"\/><script>document.getElementById( \"ak_js_1\" ).setAttribute( \"value\", ( new Date() ).getTime() );<\/script><\/p><div class=\"wpcf7-response-output\" aria-hidden=\"true\"><\/div>\n<\/form>\n<\/div>\n\n","protected":false},"excerpt":{"rendered":"","protected":false},"author":1,"featured_media":0,"parent":66,"menu_order":0,"comment_status":"closed","ping_status":"closed","template":"","meta":{"footnotes":""},"class_list":["post-80","page","type-page","status-publish","hentry","post"],"yoast_head":"<!-- This site is optimized with the Yoast SEO plugin v25.4 - https:\/\/yoast.com\/wordpress\/plugins\/seo\/ -->\n<title>Ilmoitus nimenmuutoksesta - Pujucon Palvelut Oy<\/title>\n<meta name=\"robots\" content=\"index, follow, max-snippet:-1, max-image-preview:large, max-video-preview:-1\" \/>\n<link rel=\"canonical\" href=\"https:\/\/pujucon.fi\/index.php\/lomakkeet\/ilmoitus-nimenmuutoksesta\/\" \/>\n<meta property=\"og:locale\" content=\"fi_FI\" \/>\n<meta property=\"og:type\" content=\"article\" \/>\n<meta property=\"og:title\" content=\"Ilmoitus nimenmuutoksesta - Pujucon Palvelut Oy\" \/>\n<meta property=\"og:url\" content=\"https:\/\/pujucon.fi\/index.php\/lomakkeet\/ilmoitus-nimenmuutoksesta\/\" \/>\n<meta property=\"og:site_name\" content=\"Pujucon Palvelut Oy\" \/>\n<meta property=\"article:modified_time\" content=\"2024-12-15T11:27:39+00:00\" \/>\n<meta name=\"twitter:card\" content=\"summary_large_image\" \/>\n<meta name=\"twitter:label1\" content=\"Arvioitu lukuaika\" \/>\n\t<meta name=\"twitter:data1\" content=\"1 minuutti\" \/>\n<script type=\"application\/ld+json\" class=\"yoast-schema-graph\">{\"@context\":\"https:\/\/schema.org\",\"@graph\":[{\"@type\":\"WebPage\",\"@id\":\"https:\/\/pujucon.fi\/index.php\/lomakkeet\/ilmoitus-nimenmuutoksesta\/\",\"url\":\"https:\/\/pujucon.fi\/index.php\/lomakkeet\/ilmoitus-nimenmuutoksesta\/\",\"name\":\"Ilmoitus nimenmuutoksesta - Pujucon Palvelut Oy\",\"isPartOf\":{\"@id\":\"https:\/\/pujucon.fi\/#website\"},\"datePublished\":\"2024-12-15T11:08:15+00:00\",\"dateModified\":\"2024-12-15T11:27:39+00:00\",\"breadcrumb\":{\"@id\":\"https:\/\/pujucon.fi\/index.php\/lomakkeet\/ilmoitus-nimenmuutoksesta\/#breadcrumb\"},\"inLanguage\":\"fi\",\"potentialAction\":[{\"@type\":\"ReadAction\",\"target\":[\"https:\/\/pujucon.fi\/index.php\/lomakkeet\/ilmoitus-nimenmuutoksesta\/\"]}]},{\"@type\":\"BreadcrumbList\",\"@id\":\"https:\/\/pujucon.fi\/index.php\/lomakkeet\/ilmoitus-nimenmuutoksesta\/#breadcrumb\",\"itemListElement\":[{\"@type\":\"ListItem\",\"position\":1,\"name\":\"Home\",\"item\":\"https:\/\/pujucon.fi\/\"},{\"@type\":\"ListItem\",\"position\":2,\"name\":\"Lomakkeet\",\"item\":\"https:\/\/pujucon.fi\/index.php\/lomakkeet\/\"},{\"@type\":\"ListItem\",\"position\":3,\"name\":\"Ilmoitus nimenmuutoksesta\"}]},{\"@type\":\"WebSite\",\"@id\":\"https:\/\/pujucon.fi\/#website\",\"url\":\"https:\/\/pujucon.fi\/\",\"name\":\"Pujucon Palvelut Oy\",\"description\":\"\",\"publisher\":{\"@id\":\"https:\/\/pujucon.fi\/#organization\"},\"potentialAction\":[{\"@type\":\"SearchAction\",\"target\":{\"@type\":\"EntryPoint\",\"urlTemplate\":\"https:\/\/pujucon.fi\/?s={search_term_string}\"},\"query-input\":{\"@type\":\"PropertyValueSpecification\",\"valueRequired\":true,\"valueName\":\"search_term_string\"}}],\"inLanguage\":\"fi\"},{\"@type\":\"Organization\",\"@id\":\"https:\/\/pujucon.fi\/#organization\",\"name\":\"Pujucon Palvelut Oy\",\"url\":\"https:\/\/pujucon.fi\/\",\"logo\":{\"@type\":\"ImageObject\",\"inLanguage\":\"fi\",\"@id\":\"https:\/\/pujucon.fi\/#\/schema\/logo\/image\/\",\"url\":\"https:\/\/pujucon.fi\/wp-content\/uploads\/2024\/10\/cropped-Pujucon-logo.png\",\"contentUrl\":\"https:\/\/pujucon.fi\/wp-content\/uploads\/2024\/10\/cropped-Pujucon-logo.png\",\"width\":1274,\"height\":426,\"caption\":\"Pujucon Palvelut Oy\"},\"image\":{\"@id\":\"https:\/\/pujucon.fi\/#\/schema\/logo\/image\/\"}}]}<\/script>\n<!-- \/ Yoast SEO plugin. -->","yoast_head_json":{"title":"Ilmoitus nimenmuutoksesta - Pujucon Palvelut Oy","robots":{"index":"index","follow":"follow","max-snippet":"max-snippet:-1","max-image-preview":"max-image-preview:large","max-video-preview":"max-video-preview:-1"},"canonical":"https:\/\/pujucon.fi\/index.php\/lomakkeet\/ilmoitus-nimenmuutoksesta\/","og_locale":"fi_FI","og_type":"article","og_title":"Ilmoitus nimenmuutoksesta - Pujucon Palvelut Oy","og_url":"https:\/\/pujucon.fi\/index.php\/lomakkeet\/ilmoitus-nimenmuutoksesta\/","og_site_name":"Pujucon Palvelut Oy","article_modified_time":"2024-12-15T11:27:39+00:00","twitter_card":"summary_large_image","twitter_misc":{"Arvioitu lukuaika":"1 minuutti"},"schema":{"@context":"https:\/\/schema.org","@graph":[{"@type":"WebPage","@id":"https:\/\/pujucon.fi\/index.php\/lomakkeet\/ilmoitus-nimenmuutoksesta\/","url":"https:\/\/pujucon.fi\/index.php\/lomakkeet\/ilmoitus-nimenmuutoksesta\/","name":"Ilmoitus nimenmuutoksesta - Pujucon Palvelut Oy","isPartOf":{"@id":"https:\/\/pujucon.fi\/#website"},"datePublished":"2024-12-15T11:08:15+00:00","dateModified":"2024-12-15T11:27:39+00:00","breadcrumb":{"@id":"https:\/\/pujucon.fi\/index.php\/lomakkeet\/ilmoitus-nimenmuutoksesta\/#breadcrumb"},"inLanguage":"fi","potentialAction":[{"@type":"ReadAction","target":["https:\/\/pujucon.fi\/index.php\/lomakkeet\/ilmoitus-nimenmuutoksesta\/"]}]},{"@type":"BreadcrumbList","@id":"https:\/\/pujucon.fi\/index.php\/lomakkeet\/ilmoitus-nimenmuutoksesta\/#breadcrumb","itemListElement":[{"@type":"ListItem","position":1,"name":"Home","item":"https:\/\/pujucon.fi\/"},{"@type":"ListItem","position":2,"name":"Lomakkeet","item":"https:\/\/pujucon.fi\/index.php\/lomakkeet\/"},{"@type":"ListItem","position":3,"name":"Ilmoitus nimenmuutoksesta"}]},{"@type":"WebSite","@id":"https:\/\/pujucon.fi\/#website","url":"https:\/\/pujucon.fi\/","name":"Pujucon Palvelut Oy","description":"","publisher":{"@id":"https:\/\/pujucon.fi\/#organization"},"potentialAction":[{"@type":"SearchAction","target":{"@type":"EntryPoint","urlTemplate":"https:\/\/pujucon.fi\/?s={search_term_string}"},"query-input":{"@type":"PropertyValueSpecification","valueRequired":true,"valueName":"search_term_string"}}],"inLanguage":"fi"},{"@type":"Organization","@id":"https:\/\/pujucon.fi\/#organization","name":"Pujucon Palvelut Oy","url":"https:\/\/pujucon.fi\/","logo":{"@type":"ImageObject","inLanguage":"fi","@id":"https:\/\/pujucon.fi\/#\/schema\/logo\/image\/","url":"https:\/\/pujucon.fi\/wp-content\/uploads\/2024\/10\/cropped-Pujucon-logo.png","contentUrl":"https:\/\/pujucon.fi\/wp-content\/uploads\/2024\/10\/cropped-Pujucon-logo.png","width":1274,"height":426,"caption":"Pujucon Palvelut Oy"},"image":{"@id":"https:\/\/pujucon.fi\/#\/schema\/logo\/image\/"}}]}},"_links":{"self":[{"href":"https:\/\/pujucon.fi\/index.php\/wp-json\/wp\/v2\/pages\/80","targetHints":{"allow":["GET"]}}],"collection":[{"href":"https:\/\/pujucon.fi\/index.php\/wp-json\/wp\/v2\/pages"}],"about":[{"href":"https:\/\/pujucon.fi\/index.php\/wp-json\/wp\/v2\/types\/page"}],"author":[{"embeddable":true,"href":"https:\/\/pujucon.fi\/index.php\/wp-json\/wp\/v2\/users\/1"}],"replies":[{"embeddable":true,"href":"https:\/\/pujucon.fi\/index.php\/wp-json\/wp\/v2\/comments?post=80"}],"version-history":[{"count":2,"href":"https:\/\/pujucon.fi\/index.php\/wp-json\/wp\/v2\/pages\/80\/revisions"}],"predecessor-version":[{"id":85,"href":"https:\/\/pujucon.fi\/index.php\/wp-json\/wp\/v2\/pages\/80\/revisions\/85"}],"up":[{"embeddable":true,"href":"https:\/\/pujucon.fi\/index.php\/wp-json\/wp\/v2\/pages\/66"}],"wp:attachment":[{"href":"https:\/\/pujucon.fi\/index.php\/wp-json\/wp\/v2\/media?parent=80"}],"curies":[{"name":"wp","href":"https:\/\/api.w.org\/{rel}","templated":true}]}}