{"id":66,"date":"2024-12-15T10:46:31","date_gmt":"2024-12-15T10:46:31","guid":{"rendered":"https:\/\/pujucon.fi\/wordpress\/?page_id=66"},"modified":"2025-03-02T15:00:14","modified_gmt":"2025-03-02T13:00:14","slug":"lomakkeet","status":"publish","type":"page","link":"https:\/\/pujucon.fi\/index.php\/lomakkeet\/","title":{"rendered":"Lomakkeet"},"content":{"rendered":"<div class=\"list-of-contents\">\n<div class=\"content-box\">\n    <a href=\"tarjouspyynto-isannoinnista\"><\/p>\n<h2>Tarjouspyynt\u00f6 is\u00e4nn\u00f6innist\u00e4<\/h2>\n<p>    <\/a>\n  <\/div>\n<div class=\"content-box\">\n    <a href=\"isannoitsijantodistuksen-tilaus\"><\/p>\n<h2>Is\u00e4nn\u00f6itsij\u00e4todistuksen tilaus<\/h2>\n<p>    <\/a>\n  <\/div>\n<div class=\"content-box\">\n    <a href=\"ilmoitus-nimenmuutoksesta\"><\/p>\n<h2>Ilmoitus nimenmuutoksesta<\/h2>\n<p>    <\/a>\n  <\/div>\n<div class=\"content-box\">\n    <a href=\"osakkeenomistajan-muutostyoilmoitus\"><\/p>\n<h2>Osakkeenomistajan muutosty\u00f6ilmoitus<\/h2>\n<p>    <\/a>\n  <\/div>\n<div class=\"content-box\">\n    <a href=\"ilmoitus-lapsen-syntymasta\"><\/p>\n<h2>Ilmoitus lapsen syntym\u00e4st\u00e4<\/h2>\n<p>    <\/a>\n  <\/div>\n<div class=\"content-box\">\n    <a href=\"ilmoitus-mittarilukemasta\"><\/p>\n<h2>Ilmoitus mittarilukemasta<\/h2>\n<p>    <\/a>\n  <\/div>\n<div class=\"content-box\">\n    <a href=\"hairioilmoitus\"><\/p>\n<h2>H\u00e4iri\u00f6ilmoitus<\/h2>\n<p>    <\/a>\n  <\/div>\n<\/div>\n","protected":false},"excerpt":{"rendered":"<p>Tarjouspyynt\u00f6 is\u00e4nn\u00f6innist\u00e4 Is\u00e4nn\u00f6itsij\u00e4todistuksen tilaus Ilmoitus nimenmuutoksesta Osakkeenomistajan muutosty\u00f6ilmoitus Ilmoitus lapsen syntym\u00e4st\u00e4 Ilmoitus mittarilukemasta H\u00e4iri\u00f6ilmoitus<\/p>\n","protected":false},"author":1,"featured_media":0,"parent":0,"menu_order":0,"comment_status":"closed","ping_status":"closed","template":"","meta":{"footnotes":""},"class_list":["post-66","page","type-page","status-publish","hentry","post"],"yoast_head":"<!-- This site is optimized with the Yoast SEO plugin v25.4 - https:\/\/yoast.com\/wordpress\/plugins\/seo\/ -->\n<title>Lomakkeet - Pujucon Palvelut Oy<\/title>\n<meta name=\"robots\" content=\"index, follow, max-snippet:-1, max-image-preview:large, max-video-preview:-1\" \/>\n<link rel=\"canonical\" href=\"https:\/\/pujucon.fi\/index.php\/lomakkeet\/\" \/>\n<meta property=\"og:locale\" content=\"fi_FI\" \/>\n<meta property=\"og:type\" content=\"article\" \/>\n<meta property=\"og:title\" content=\"Lomakkeet - Pujucon Palvelut Oy\" \/>\n<meta property=\"og:description\" content=\"Tarjouspyynt\u00f6 is\u00e4nn\u00f6innist\u00e4 Is\u00e4nn\u00f6itsij\u00e4todistuksen tilaus Ilmoitus nimenmuutoksesta Osakkeenomistajan muutosty\u00f6ilmoitus Ilmoitus lapsen syntym\u00e4st\u00e4 Ilmoitus mittarilukemasta H\u00e4iri\u00f6ilmoitus\" \/>\n<meta property=\"og:url\" content=\"https:\/\/pujucon.fi\/index.php\/lomakkeet\/\" \/>\n<meta property=\"og:site_name\" content=\"Pujucon Palvelut Oy\" \/>\n<meta property=\"article:modified_time\" content=\"2025-03-02T13:00:14+00:00\" \/>\n<meta name=\"twitter:card\" content=\"summary_large_image\" \/>\n<meta name=\"twitter:label1\" content=\"Arvioitu lukuaika\" \/>\n\t<meta name=\"twitter:data1\" content=\"1 minuutti\" \/>\n<script type=\"application\/ld+json\" class=\"yoast-schema-graph\">{\"@context\":\"https:\/\/schema.org\",\"@graph\":[{\"@type\":\"WebPage\",\"@id\":\"https:\/\/pujucon.fi\/index.php\/lomakkeet\/\",\"url\":\"https:\/\/pujucon.fi\/index.php\/lomakkeet\/\",\"name\":\"Lomakkeet - Pujucon Palvelut Oy\",\"isPartOf\":{\"@id\":\"https:\/\/pujucon.fi\/#website\"},\"datePublished\":\"2024-12-15T10:46:31+00:00\",\"dateModified\":\"2025-03-02T13:00:14+00:00\",\"breadcrumb\":{\"@id\":\"https:\/\/pujucon.fi\/index.php\/lomakkeet\/#breadcrumb\"},\"inLanguage\":\"fi\",\"potentialAction\":[{\"@type\":\"ReadAction\",\"target\":[\"https:\/\/pujucon.fi\/index.php\/lomakkeet\/\"]}]},{\"@type\":\"BreadcrumbList\",\"@id\":\"https:\/\/pujucon.fi\/index.php\/lomakkeet\/#breadcrumb\",\"itemListElement\":[{\"@type\":\"ListItem\",\"position\":1,\"name\":\"Home\",\"item\":\"https:\/\/pujucon.fi\/\"},{\"@type\":\"ListItem\",\"position\":2,\"name\":\"Lomakkeet\"}]},{\"@type\":\"WebSite\",\"@id\":\"https:\/\/pujucon.fi\/#website\",\"url\":\"https:\/\/pujucon.fi\/\",\"name\":\"Pujucon Palvelut Oy\",\"description\":\"\",\"publisher\":{\"@id\":\"https:\/\/pujucon.fi\/#organization\"},\"potentialAction\":[{\"@type\":\"SearchAction\",\"target\":{\"@type\":\"EntryPoint\",\"urlTemplate\":\"https:\/\/pujucon.fi\/?s={search_term_string}\"},\"query-input\":{\"@type\":\"PropertyValueSpecification\",\"valueRequired\":true,\"valueName\":\"search_term_string\"}}],\"inLanguage\":\"fi\"},{\"@type\":\"Organization\",\"@id\":\"https:\/\/pujucon.fi\/#organization\",\"name\":\"Pujucon Palvelut Oy\",\"url\":\"https:\/\/pujucon.fi\/\",\"logo\":{\"@type\":\"ImageObject\",\"inLanguage\":\"fi\",\"@id\":\"https:\/\/pujucon.fi\/#\/schema\/logo\/image\/\",\"url\":\"https:\/\/pujucon.fi\/wp-content\/uploads\/2024\/10\/cropped-Pujucon-logo.png\",\"contentUrl\":\"https:\/\/pujucon.fi\/wp-content\/uploads\/2024\/10\/cropped-Pujucon-logo.png\",\"width\":1274,\"height\":426,\"caption\":\"Pujucon Palvelut Oy\"},\"image\":{\"@id\":\"https:\/\/pujucon.fi\/#\/schema\/logo\/image\/\"}}]}<\/script>\n<!-- \/ Yoast SEO plugin. -->","yoast_head_json":{"title":"Lomakkeet - Pujucon Palvelut Oy","robots":{"index":"index","follow":"follow","max-snippet":"max-snippet:-1","max-image-preview":"max-image-preview:large","max-video-preview":"max-video-preview:-1"},"canonical":"https:\/\/pujucon.fi\/index.php\/lomakkeet\/","og_locale":"fi_FI","og_type":"article","og_title":"Lomakkeet - Pujucon Palvelut Oy","og_description":"Tarjouspyynt\u00f6 is\u00e4nn\u00f6innist\u00e4 Is\u00e4nn\u00f6itsij\u00e4todistuksen tilaus Ilmoitus nimenmuutoksesta Osakkeenomistajan muutosty\u00f6ilmoitus Ilmoitus lapsen syntym\u00e4st\u00e4 Ilmoitus mittarilukemasta H\u00e4iri\u00f6ilmoitus","og_url":"https:\/\/pujucon.fi\/index.php\/lomakkeet\/","og_site_name":"Pujucon Palvelut Oy","article_modified_time":"2025-03-02T13:00:14+00:00","twitter_card":"summary_large_image","twitter_misc":{"Arvioitu lukuaika":"1 minuutti"},"schema":{"@context":"https:\/\/schema.org","@graph":[{"@type":"WebPage","@id":"https:\/\/pujucon.fi\/index.php\/lomakkeet\/","url":"https:\/\/pujucon.fi\/index.php\/lomakkeet\/","name":"Lomakkeet - Pujucon Palvelut Oy","isPartOf":{"@id":"https:\/\/pujucon.fi\/#website"},"datePublished":"2024-12-15T10:46:31+00:00","dateModified":"2025-03-02T13:00:14+00:00","breadcrumb":{"@id":"https:\/\/pujucon.fi\/index.php\/lomakkeet\/#breadcrumb"},"inLanguage":"fi","potentialAction":[{"@type":"ReadAction","target":["https:\/\/pujucon.fi\/index.php\/lomakkeet\/"]}]},{"@type":"BreadcrumbList","@id":"https:\/\/pujucon.fi\/index.php\/lomakkeet\/#breadcrumb","itemListElement":[{"@type":"ListItem","position":1,"name":"Home","item":"https:\/\/pujucon.fi\/"},{"@type":"ListItem","position":2,"name":"Lomakkeet"}]},{"@type":"WebSite","@id":"https:\/\/pujucon.fi\/#website","url":"https:\/\/pujucon.fi\/","name":"Pujucon Palvelut Oy","description":"","publisher":{"@id":"https:\/\/pujucon.fi\/#organization"},"potentialAction":[{"@type":"SearchAction","target":{"@type":"EntryPoint","urlTemplate":"https:\/\/pujucon.fi\/?s={search_term_string}"},"query-input":{"@type":"PropertyValueSpecification","valueRequired":true,"valueName":"search_term_string"}}],"inLanguage":"fi"},{"@type":"Organization","@id":"https:\/\/pujucon.fi\/#organization","name":"Pujucon Palvelut Oy","url":"https:\/\/pujucon.fi\/","logo":{"@type":"ImageObject","inLanguage":"fi","@id":"https:\/\/pujucon.fi\/#\/schema\/logo\/image\/","url":"https:\/\/pujucon.fi\/wp-content\/uploads\/2024\/10\/cropped-Pujucon-logo.png","contentUrl":"https:\/\/pujucon.fi\/wp-content\/uploads\/2024\/10\/cropped-Pujucon-logo.png","width":1274,"height":426,"caption":"Pujucon Palvelut Oy"},"image":{"@id":"https:\/\/pujucon.fi\/#\/schema\/logo\/image\/"}}]}},"_links":{"self":[{"href":"https:\/\/pujucon.fi\/index.php\/wp-json\/wp\/v2\/pages\/66","targetHints":{"allow":["GET"]}}],"collection":[{"href":"https:\/\/pujucon.fi\/index.php\/wp-json\/wp\/v2\/pages"}],"about":[{"href":"https:\/\/pujucon.fi\/index.php\/wp-json\/wp\/v2\/types\/page"}],"author":[{"embeddable":true,"href":"https:\/\/pujucon.fi\/index.php\/wp-json\/wp\/v2\/users\/1"}],"replies":[{"embeddable":true,"href":"https:\/\/pujucon.fi\/index.php\/wp-json\/wp\/v2\/comments?post=66"}],"version-history":[{"count":9,"href":"https:\/\/pujucon.fi\/index.php\/wp-json\/wp\/v2\/pages\/66\/revisions"}],"predecessor-version":[{"id":170,"href":"https:\/\/pujucon.fi\/index.php\/wp-json\/wp\/v2\/pages\/66\/revisions\/170"}],"wp:attachment":[{"href":"https:\/\/pujucon.fi\/index.php\/wp-json\/wp\/v2\/media?parent=66"}],"curies":[{"name":"wp","href":"https:\/\/api.w.org\/{rel}","templated":true}]}}