{"id":64,"date":"2024-12-15T10:46:00","date_gmt":"2024-12-15T10:46:00","guid":{"rendered":"https:\/\/pujucon.fi\/wordpress\/?page_id=64"},"modified":"2024-12-15T10:55:40","modified_gmt":"2024-12-15T10:55:40","slug":"isannoitsijantodistuksen-tilaus","status":"publish","type":"page","link":"https:\/\/pujucon.fi\/index.php\/lomakkeet\/isannoitsijantodistuksen-tilaus\/","title":{"rendered":"Is\u00e4nn\u00f6itsij\u00e4ntodistuksen tilaus"},"content":{"rendered":"\n<div class=\"wpcf7 no-js\" id=\"wpcf7-f63-o1\" lang=\"en-US\" dir=\"ltr\" data-wpcf7-id=\"63\">\n<div class=\"screen-reader-response\"><p role=\"status\" aria-live=\"polite\" aria-atomic=\"true\"><\/p> <ul><\/ul><\/div>\n<form action=\"\/index.php\/wp-json\/wp\/v2\/pages\/64#wpcf7-f63-o1\" method=\"post\" class=\"wpcf7-form init\" aria-label=\"Contact form\" enctype=\"multipart\/form-data\" novalidate=\"novalidate\" data-status=\"init\">\n<fieldset class=\"hidden-fields-container\"><input type=\"hidden\" name=\"_wpcf7\" value=\"63\" \/><input type=\"hidden\" name=\"_wpcf7_version\" value=\"6.1\" \/><input type=\"hidden\" name=\"_wpcf7_locale\" value=\"en_US\" \/><input type=\"hidden\" name=\"_wpcf7_unit_tag\" value=\"wpcf7-f63-o1\" \/><input type=\"hidden\" name=\"_wpcf7_container_post\" value=\"0\" \/><input type=\"hidden\" name=\"_wpcf7_posted_data_hash\" value=\"\" \/><input type=\"hidden\" name=\"_wpcf7cf_hidden_group_fields\" value=\"[]\" \/><input type=\"hidden\" name=\"_wpcf7cf_hidden_groups\" value=\"[]\" \/><input type=\"hidden\" name=\"_wpcf7cf_visible_groups\" value=\"[]\" \/><input type=\"hidden\" name=\"_wpcf7cf_repeaters\" value=\"[]\" \/><input type=\"hidden\" name=\"_wpcf7cf_steps\" value=\"{}\" \/><input type=\"hidden\" name=\"_wpcf7cf_options\" value=\"{&quot;form_id&quot;:63,&quot;conditions&quot;:[],&quot;settings&quot;:{&quot;animation&quot;:&quot;yes&quot;,&quot;animation_intime&quot;:200,&quot;animation_outtime&quot;:200,&quot;conditions_ui&quot;:&quot;normal&quot;,&quot;notice_dismissed&quot;:false}}\" \/>\n<\/fieldset>\n<p><label>Nimi *<\/label><br \/>\n<span class=\"wpcf7-form-control-wrap\" data-name=\"nimi\"><input size=\"40\" maxlength=\"400\" class=\"wpcf7-form-control wpcf7-text wpcf7-validates-as-required\" aria-required=\"true\" aria-invalid=\"false\" value=\"\" type=\"text\" name=\"nimi\" \/><\/span>\n<\/p>\n<p><label>S\u00e4hk\u00f6postiosoite *<\/label><br \/>\n<span class=\"wpcf7-form-control-wrap\" data-name=\"sahkoposti\"><input size=\"40\" maxlength=\"400\" class=\"wpcf7-form-control wpcf7-email wpcf7-validates-as-required wpcf7-text wpcf7-validates-as-email\" aria-required=\"true\" aria-invalid=\"false\" value=\"\" type=\"email\" name=\"sahkoposti\" \/><\/span>\n<\/p>\n<p><label>Taloyhti\u00f6 *<\/label><br \/>\n<span class=\"wpcf7-form-control-wrap\" data-name=\"taloyhtio\"><input size=\"40\" maxlength=\"400\" class=\"wpcf7-form-control wpcf7-text wpcf7-validates-as-required\" aria-required=\"true\" aria-invalid=\"false\" value=\"\" type=\"text\" name=\"taloyhtio\" \/><\/span>\n<\/p>\n<p><label>Huoneiston osoite *<\/label><br \/>\n<span class=\"wpcf7-form-control-wrap\" data-name=\"osoite\"><input size=\"40\" maxlength=\"400\" class=\"wpcf7-form-control wpcf7-text wpcf7-validates-as-required\" aria-required=\"true\" aria-invalid=\"false\" value=\"\" type=\"text\" name=\"osoite\" \/><\/span>\n<\/p>\n<p><label>Postinumero *<\/label><br \/>\n<span class=\"wpcf7-form-control-wrap\" data-name=\"postinumero\"><input size=\"40\" maxlength=\"400\" class=\"wpcf7-form-control wpcf7-text wpcf7-validates-as-required\" aria-required=\"true\" aria-invalid=\"false\" value=\"\" type=\"text\" name=\"postinumero\" \/><\/span>\n<\/p>\n<p><label>Postitoimipaikka *<\/label><br \/>\n<span class=\"wpcf7-form-control-wrap\" data-name=\"postitoimipaikka\"><input size=\"40\" maxlength=\"400\" class=\"wpcf7-form-control wpcf7-text wpcf7-validates-as-required\" aria-required=\"true\" aria-invalid=\"false\" value=\"\" type=\"text\" name=\"postitoimipaikka\" \/><\/span>\n<\/p>\n<p><label>Huoneiston omistaja(t)<\/label><br \/>\n<span class=\"wpcf7-form-control-wrap\" data-name=\"omistajat\"><input size=\"40\" maxlength=\"400\" class=\"wpcf7-form-control wpcf7-text\" aria-invalid=\"false\" value=\"\" type=\"text\" name=\"omistajat\" \/><\/span>\n<\/p>\n<p>Tilaan seuraavat asiakirjat:\n<\/p>\n<p><span class=\"wpcf7-form-control-wrap\" data-name=\"asiakirjat\"><span class=\"wpcf7-form-control wpcf7-checkbox\"><span class=\"wpcf7-list-item first\"><input type=\"checkbox\" name=\"asiakirjat[]\" value=\"Is\u00e4nn\u00f6itsij\u00e4ntodistus (110 \u20ac)\" \/><span class=\"wpcf7-list-item-label\">Is\u00e4nn\u00f6itsij\u00e4ntodistus (110 \u20ac)<\/span><\/span><span class=\"wpcf7-list-item last\"><input type=\"checkbox\" name=\"asiakirjat[]\" value=\"Muut erillisasiakirjat (25 \u20ac \/ kpl)\" \/><span class=\"wpcf7-list-item-label\">Muut erillisasiakirjat (25 \u20ac \/ kpl)<\/span><\/span><\/span><\/span>\n<\/p>\n<p><label>Tilattava(t) erillisasiakirja(t)<\/label><br \/>\n<span class=\"wpcf7-form-control-wrap\" data-name=\"asiakirja\"><input size=\"40\" maxlength=\"400\" class=\"wpcf7-form-control wpcf7-text\" aria-invalid=\"false\" value=\"\" type=\"text\" name=\"asiakirja\" \/><\/span>\n<\/p>\n<p><label>Laskutusosoite *<\/label><br \/>\n<span class=\"wpcf7-form-control-wrap\" data-name=\"laskutusosoite\"><input size=\"40\" maxlength=\"400\" class=\"wpcf7-form-control wpcf7-text\" aria-invalid=\"false\" value=\"\" type=\"text\" name=\"laskutusosoite\" \/><\/span>\n<\/p>\n<p><span class=\"wpcf7-form-control-wrap\" data-name=\"toimitustapa\"><span class=\"wpcf7-form-control wpcf7-radio\"><span class=\"wpcf7-list-item first\"><label><input type=\"radio\" name=\"toimitustapa\" value=\"S\u00e4hk\u00f6posti\" \/><span class=\"wpcf7-list-item-label\">S\u00e4hk\u00f6posti<\/span><\/label><\/span><span class=\"wpcf7-list-item last\"><label><input type=\"radio\" name=\"toimitustapa\" value=\"Posti (hallinnointikulu 35 \u20ac)\" \/><span class=\"wpcf7-list-item-label\">Posti (hallinnointikulu 35 \u20ac)<\/span><\/label><\/span><\/span><\/span>\n<\/p>\n<p><label>Postitetaan osoitteeseen \/ l\u00e4hetet\u00e4\u00e4n s\u00e4hk\u00f6postiosoitteeseen*<\/label><br \/>\n<span class=\"wpcf7-form-control-wrap\" data-name=\"toimitusosoite\"><input size=\"40\" maxlength=\"400\" class=\"wpcf7-form-control wpcf7-text wpcf7-validates-as-required\" aria-required=\"true\" aria-invalid=\"false\" value=\"\" type=\"text\" name=\"toimitusosoite\" \/><\/span>\n<\/p>\n<p><label>Lis\u00e4tietoja<\/label><br \/>\n<span class=\"wpcf7-form-control-wrap\" data-name=\"lisatiedot\"><textarea cols=\"40\" rows=\"10\" maxlength=\"2000\" class=\"wpcf7-form-control wpcf7-textarea\" aria-invalid=\"false\" name=\"lisatiedot\"><\/textarea><\/span>\n<\/p>\n<p>Jos tilaat is\u00e4nn\u00f6itsij\u00e4ntodistuksen osakkaan puolesta, liit\u00e4th\u00e4n mukaan toimeksiantosopimuksen (kiinteist\u00f6nv\u00e4litt\u00e4j\u00e4t) tai valtakirjan.\n<\/p>\n<p><label> Liitteiden lataus<\/label><br \/>\n<span class=\"wpcf7-form-control-wrap\" data-name=\"liitteet\"><input size=\"40\" class=\"wpcf7-form-control wpcf7-file\" accept=\".pdf,.doc,.docx,.odt,.zip\" aria-invalid=\"false\" type=\"file\" name=\"liitteet\" \/><\/span>\n<\/p>\n<p><input class=\"wpcf7-form-control wpcf7-submit has-spinner\" type=\"submit\" value=\"L\u00e4het\u00e4\" \/>\n<\/p><p style=\"display: none !important;\" class=\"akismet-fields-container\" data-prefix=\"_wpcf7_ak_\"><label>&#916;<textarea name=\"_wpcf7_ak_hp_textarea\" cols=\"45\" rows=\"8\" maxlength=\"100\"><\/textarea><\/label><input type=\"hidden\" id=\"ak_js_1\" name=\"_wpcf7_ak_js\" value=\"102\"\/><script>document.getElementById( \"ak_js_1\" ).setAttribute( \"value\", ( new Date() ).getTime() );<\/script><\/p><div class=\"wpcf7-response-output\" aria-hidden=\"true\"><\/div>\n<\/form>\n<\/div>\n\n","protected":false},"excerpt":{"rendered":"","protected":false},"author":1,"featured_media":0,"parent":66,"menu_order":0,"comment_status":"closed","ping_status":"closed","template":"","meta":{"footnotes":""},"class_list":["post-64","page","type-page","status-publish","hentry","post"],"yoast_head":"<!-- This site is optimized with the Yoast SEO plugin v25.4 - https:\/\/yoast.com\/wordpress\/plugins\/seo\/ -->\n<title>Is\u00e4nn\u00f6itsij\u00e4ntodistuksen tilaus - Pujucon Palvelut Oy<\/title>\n<meta name=\"robots\" content=\"index, follow, max-snippet:-1, max-image-preview:large, max-video-preview:-1\" \/>\n<link rel=\"canonical\" href=\"https:\/\/pujucon.fi\/index.php\/lomakkeet\/isannoitsijantodistuksen-tilaus\/\" \/>\n<meta property=\"og:locale\" content=\"fi_FI\" \/>\n<meta property=\"og:type\" content=\"article\" \/>\n<meta property=\"og:title\" content=\"Is\u00e4nn\u00f6itsij\u00e4ntodistuksen tilaus - Pujucon Palvelut Oy\" \/>\n<meta property=\"og:url\" content=\"https:\/\/pujucon.fi\/index.php\/lomakkeet\/isannoitsijantodistuksen-tilaus\/\" \/>\n<meta property=\"og:site_name\" content=\"Pujucon Palvelut Oy\" \/>\n<meta property=\"article:modified_time\" content=\"2024-12-15T10:55:40+00:00\" \/>\n<meta name=\"twitter:card\" content=\"summary_large_image\" \/>\n<meta name=\"twitter:label1\" content=\"Arvioitu lukuaika\" \/>\n\t<meta name=\"twitter:data1\" content=\"1 minuutti\" \/>\n<script type=\"application\/ld+json\" class=\"yoast-schema-graph\">{\"@context\":\"https:\/\/schema.org\",\"@graph\":[{\"@type\":\"WebPage\",\"@id\":\"https:\/\/pujucon.fi\/index.php\/lomakkeet\/isannoitsijantodistuksen-tilaus\/\",\"url\":\"https:\/\/pujucon.fi\/index.php\/lomakkeet\/isannoitsijantodistuksen-tilaus\/\",\"name\":\"Is\u00e4nn\u00f6itsij\u00e4ntodistuksen tilaus - Pujucon Palvelut Oy\",\"isPartOf\":{\"@id\":\"https:\/\/pujucon.fi\/#website\"},\"datePublished\":\"2024-12-15T10:46:00+00:00\",\"dateModified\":\"2024-12-15T10:55:40+00:00\",\"breadcrumb\":{\"@id\":\"https:\/\/pujucon.fi\/index.php\/lomakkeet\/isannoitsijantodistuksen-tilaus\/#breadcrumb\"},\"inLanguage\":\"fi\",\"potentialAction\":[{\"@type\":\"ReadAction\",\"target\":[\"https:\/\/pujucon.fi\/index.php\/lomakkeet\/isannoitsijantodistuksen-tilaus\/\"]}]},{\"@type\":\"BreadcrumbList\",\"@id\":\"https:\/\/pujucon.fi\/index.php\/lomakkeet\/isannoitsijantodistuksen-tilaus\/#breadcrumb\",\"itemListElement\":[{\"@type\":\"ListItem\",\"position\":1,\"name\":\"Home\",\"item\":\"https:\/\/pujucon.fi\/\"},{\"@type\":\"ListItem\",\"position\":2,\"name\":\"Lomakkeet\",\"item\":\"https:\/\/pujucon.fi\/index.php\/lomakkeet\/\"},{\"@type\":\"ListItem\",\"position\":3,\"name\":\"Is\u00e4nn\u00f6itsij\u00e4ntodistuksen tilaus\"}]},{\"@type\":\"WebSite\",\"@id\":\"https:\/\/pujucon.fi\/#website\",\"url\":\"https:\/\/pujucon.fi\/\",\"name\":\"Pujucon Palvelut Oy\",\"description\":\"\",\"publisher\":{\"@id\":\"https:\/\/pujucon.fi\/#organization\"},\"potentialAction\":[{\"@type\":\"SearchAction\",\"target\":{\"@type\":\"EntryPoint\",\"urlTemplate\":\"https:\/\/pujucon.fi\/?s={search_term_string}\"},\"query-input\":{\"@type\":\"PropertyValueSpecification\",\"valueRequired\":true,\"valueName\":\"search_term_string\"}}],\"inLanguage\":\"fi\"},{\"@type\":\"Organization\",\"@id\":\"https:\/\/pujucon.fi\/#organization\",\"name\":\"Pujucon Palvelut Oy\",\"url\":\"https:\/\/pujucon.fi\/\",\"logo\":{\"@type\":\"ImageObject\",\"inLanguage\":\"fi\",\"@id\":\"https:\/\/pujucon.fi\/#\/schema\/logo\/image\/\",\"url\":\"https:\/\/pujucon.fi\/wp-content\/uploads\/2024\/10\/cropped-Pujucon-logo.png\",\"contentUrl\":\"https:\/\/pujucon.fi\/wp-content\/uploads\/2024\/10\/cropped-Pujucon-logo.png\",\"width\":1274,\"height\":426,\"caption\":\"Pujucon Palvelut Oy\"},\"image\":{\"@id\":\"https:\/\/pujucon.fi\/#\/schema\/logo\/image\/\"}}]}<\/script>\n<!-- \/ Yoast SEO plugin. -->","yoast_head_json":{"title":"Is\u00e4nn\u00f6itsij\u00e4ntodistuksen tilaus - Pujucon Palvelut Oy","robots":{"index":"index","follow":"follow","max-snippet":"max-snippet:-1","max-image-preview":"max-image-preview:large","max-video-preview":"max-video-preview:-1"},"canonical":"https:\/\/pujucon.fi\/index.php\/lomakkeet\/isannoitsijantodistuksen-tilaus\/","og_locale":"fi_FI","og_type":"article","og_title":"Is\u00e4nn\u00f6itsij\u00e4ntodistuksen tilaus - Pujucon Palvelut Oy","og_url":"https:\/\/pujucon.fi\/index.php\/lomakkeet\/isannoitsijantodistuksen-tilaus\/","og_site_name":"Pujucon Palvelut Oy","article_modified_time":"2024-12-15T10:55:40+00:00","twitter_card":"summary_large_image","twitter_misc":{"Arvioitu lukuaika":"1 minuutti"},"schema":{"@context":"https:\/\/schema.org","@graph":[{"@type":"WebPage","@id":"https:\/\/pujucon.fi\/index.php\/lomakkeet\/isannoitsijantodistuksen-tilaus\/","url":"https:\/\/pujucon.fi\/index.php\/lomakkeet\/isannoitsijantodistuksen-tilaus\/","name":"Is\u00e4nn\u00f6itsij\u00e4ntodistuksen tilaus - Pujucon Palvelut Oy","isPartOf":{"@id":"https:\/\/pujucon.fi\/#website"},"datePublished":"2024-12-15T10:46:00+00:00","dateModified":"2024-12-15T10:55:40+00:00","breadcrumb":{"@id":"https:\/\/pujucon.fi\/index.php\/lomakkeet\/isannoitsijantodistuksen-tilaus\/#breadcrumb"},"inLanguage":"fi","potentialAction":[{"@type":"ReadAction","target":["https:\/\/pujucon.fi\/index.php\/lomakkeet\/isannoitsijantodistuksen-tilaus\/"]}]},{"@type":"BreadcrumbList","@id":"https:\/\/pujucon.fi\/index.php\/lomakkeet\/isannoitsijantodistuksen-tilaus\/#breadcrumb","itemListElement":[{"@type":"ListItem","position":1,"name":"Home","item":"https:\/\/pujucon.fi\/"},{"@type":"ListItem","position":2,"name":"Lomakkeet","item":"https:\/\/pujucon.fi\/index.php\/lomakkeet\/"},{"@type":"ListItem","position":3,"name":"Is\u00e4nn\u00f6itsij\u00e4ntodistuksen tilaus"}]},{"@type":"WebSite","@id":"https:\/\/pujucon.fi\/#website","url":"https:\/\/pujucon.fi\/","name":"Pujucon Palvelut Oy","description":"","publisher":{"@id":"https:\/\/pujucon.fi\/#organization"},"potentialAction":[{"@type":"SearchAction","target":{"@type":"EntryPoint","urlTemplate":"https:\/\/pujucon.fi\/?s={search_term_string}"},"query-input":{"@type":"PropertyValueSpecification","valueRequired":true,"valueName":"search_term_string"}}],"inLanguage":"fi"},{"@type":"Organization","@id":"https:\/\/pujucon.fi\/#organization","name":"Pujucon Palvelut Oy","url":"https:\/\/pujucon.fi\/","logo":{"@type":"ImageObject","inLanguage":"fi","@id":"https:\/\/pujucon.fi\/#\/schema\/logo\/image\/","url":"https:\/\/pujucon.fi\/wp-content\/uploads\/2024\/10\/cropped-Pujucon-logo.png","contentUrl":"https:\/\/pujucon.fi\/wp-content\/uploads\/2024\/10\/cropped-Pujucon-logo.png","width":1274,"height":426,"caption":"Pujucon Palvelut Oy"},"image":{"@id":"https:\/\/pujucon.fi\/#\/schema\/logo\/image\/"}}]}},"_links":{"self":[{"href":"https:\/\/pujucon.fi\/index.php\/wp-json\/wp\/v2\/pages\/64","targetHints":{"allow":["GET"]}}],"collection":[{"href":"https:\/\/pujucon.fi\/index.php\/wp-json\/wp\/v2\/pages"}],"about":[{"href":"https:\/\/pujucon.fi\/index.php\/wp-json\/wp\/v2\/types\/page"}],"author":[{"embeddable":true,"href":"https:\/\/pujucon.fi\/index.php\/wp-json\/wp\/v2\/users\/1"}],"replies":[{"embeddable":true,"href":"https:\/\/pujucon.fi\/index.php\/wp-json\/wp\/v2\/comments?post=64"}],"version-history":[{"count":2,"href":"https:\/\/pujucon.fi\/index.php\/wp-json\/wp\/v2\/pages\/64\/revisions"}],"predecessor-version":[{"id":70,"href":"https:\/\/pujucon.fi\/index.php\/wp-json\/wp\/v2\/pages\/64\/revisions\/70"}],"up":[{"embeddable":true,"href":"https:\/\/pujucon.fi\/index.php\/wp-json\/wp\/v2\/pages\/66"}],"wp:attachment":[{"href":"https:\/\/pujucon.fi\/index.php\/wp-json\/wp\/v2\/media?parent=64"}],"curies":[{"name":"wp","href":"https:\/\/api.w.org\/{rel}","templated":true}]}}