{"id":55,"date":"2024-12-15T10:32:23","date_gmt":"2024-12-15T10:32:23","guid":{"rendered":"https:\/\/pujucon.fi\/wordpress\/?page_id=55"},"modified":"2025-03-02T15:11:41","modified_gmt":"2025-03-02T13:11:41","slug":"yhteystiedot","status":"publish","type":"page","link":"https:\/\/pujucon.fi\/index.php\/yhteystiedot\/","title":{"rendered":"Yhteystiedot"},"content":{"rendered":"\n<div style=\"display: flex; justify-content: space-around; max-width: 900px; margin: auto; flex-wrap: wrap;\">\n<div style=\"flex: 1; padding: 20px; min-width: 300px;\">\n<p>Kysy lis\u00e4\u00e4 palveluistamme tai pyyd\u00e4 tarjous jo t\u00e4n\u00e4\u00e4n!<\/p>\n<p><strong>S\u00e4hk\u00f6posti:<\/strong> info@pujucon.fi<\/p>\n<p><strong>Puhelin:<\/strong> 040 160 2361 (avoinna arkisin 10:00-14:00)<\/p>\n<\/p><\/div>\n<div style=\"flex: 1; padding: 20px; min-width: 300px;\">\n             \n<div class=\"wpcf7 no-js\" id=\"wpcf7-f26-o1\" lang=\"en-US\" dir=\"ltr\" data-wpcf7-id=\"26\">\n<div class=\"screen-reader-response\"><p role=\"status\" aria-live=\"polite\" aria-atomic=\"true\"><\/p> <ul><\/ul><\/div>\n<form action=\"\/index.php\/wp-json\/wp\/v2\/pages\/55#wpcf7-f26-o1\" method=\"post\" class=\"wpcf7-form init\" aria-label=\"Contact form\" novalidate=\"novalidate\" data-status=\"init\">\n<fieldset class=\"hidden-fields-container\"><input type=\"hidden\" name=\"_wpcf7\" value=\"26\" \/><input type=\"hidden\" name=\"_wpcf7_version\" value=\"6.1\" \/><input type=\"hidden\" name=\"_wpcf7_locale\" value=\"en_US\" \/><input type=\"hidden\" name=\"_wpcf7_unit_tag\" value=\"wpcf7-f26-o1\" \/><input type=\"hidden\" name=\"_wpcf7_container_post\" value=\"0\" \/><input type=\"hidden\" name=\"_wpcf7_posted_data_hash\" value=\"\" \/><input type=\"hidden\" name=\"_wpcf7cf_hidden_group_fields\" value=\"[]\" \/><input type=\"hidden\" name=\"_wpcf7cf_hidden_groups\" value=\"[]\" \/><input type=\"hidden\" name=\"_wpcf7cf_visible_groups\" value=\"[]\" \/><input type=\"hidden\" name=\"_wpcf7cf_repeaters\" value=\"[]\" \/><input type=\"hidden\" name=\"_wpcf7cf_steps\" value=\"{}\" \/><input type=\"hidden\" name=\"_wpcf7cf_options\" value=\"{&quot;form_id&quot;:26,&quot;conditions&quot;:[],&quot;settings&quot;:{&quot;animation&quot;:&quot;yes&quot;,&quot;animation_intime&quot;:200,&quot;animation_outtime&quot;:200,&quot;conditions_ui&quot;:&quot;normal&quot;,&quot;notice_dismissed&quot;:false}}\" \/>\n<\/fieldset>\n<p><label> Nimi:<br \/>\n<span class=\"wpcf7-form-control-wrap\" data-name=\"your-name\"><input size=\"40\" maxlength=\"400\" class=\"wpcf7-form-control wpcf7-text wpcf7-validates-as-required\" aria-required=\"true\" aria-invalid=\"false\" value=\"\" type=\"text\" name=\"your-name\" \/><\/span> <\/label>\n<\/p>\n<p><label> S\u00e4hk\u00f6posti:<br \/>\n<span class=\"wpcf7-form-control-wrap\" data-name=\"your-email\"><input size=\"40\" maxlength=\"400\" class=\"wpcf7-form-control wpcf7-email wpcf7-validates-as-required wpcf7-text wpcf7-validates-as-email\" aria-required=\"true\" aria-invalid=\"false\" value=\"\" type=\"email\" name=\"your-email\" \/><\/span> <\/label>\n<\/p>\n<p><label> Viesti:<br \/>\n<span class=\"wpcf7-form-control-wrap\" data-name=\"your-message\"><textarea cols=\"40\" rows=\"10\" maxlength=\"2000\" class=\"wpcf7-form-control wpcf7-textarea wpcf7-validates-as-required\" aria-required=\"true\" aria-invalid=\"false\" name=\"your-message\"><\/textarea><\/span> <\/label>\n<\/p>\n<p><input class=\"wpcf7-form-control wpcf7-submit has-spinner\" type=\"submit\" value=\"L\u00e4het\u00e4\" \/>\n<\/p><p style=\"display: none !important;\" class=\"akismet-fields-container\" data-prefix=\"_wpcf7_ak_\"><label>&#916;<textarea name=\"_wpcf7_ak_hp_textarea\" cols=\"45\" rows=\"8\" maxlength=\"100\"><\/textarea><\/label><input type=\"hidden\" id=\"ak_js_1\" name=\"_wpcf7_ak_js\" value=\"4\"\/><script>document.getElementById( \"ak_js_1\" ).setAttribute( \"value\", ( new Date() ).getTime() );<\/script><\/p><div class=\"wpcf7-response-output\" aria-hidden=\"true\"><\/div>\n<\/form>\n<\/div>\n\n        <\/div>\n<\/p><\/div>\n","protected":false},"excerpt":{"rendered":"<p>Kysy lis\u00e4\u00e4 palveluistamme tai pyyd\u00e4 tarjous jo t\u00e4n\u00e4\u00e4n! S\u00e4hk\u00f6posti: info@pujucon.fi Puhelin: 040 160 2361 (avoinna arkisin 10:00-14:00)<\/p>\n","protected":false},"author":1,"featured_media":0,"parent":0,"menu_order":0,"comment_status":"closed","ping_status":"closed","template":"","meta":{"footnotes":""},"class_list":["post-55","page","type-page","status-publish","hentry","post"],"yoast_head":"<!-- This site is optimized with the Yoast SEO plugin v25.4 - https:\/\/yoast.com\/wordpress\/plugins\/seo\/ -->\n<title>Yhteystiedot - Pujucon Palvelut Oy<\/title>\n<meta name=\"robots\" content=\"index, follow, max-snippet:-1, max-image-preview:large, max-video-preview:-1\" \/>\n<link rel=\"canonical\" href=\"https:\/\/pujucon.fi\/index.php\/yhteystiedot\/\" \/>\n<meta property=\"og:locale\" content=\"fi_FI\" \/>\n<meta property=\"og:type\" content=\"article\" \/>\n<meta property=\"og:title\" content=\"Yhteystiedot - Pujucon Palvelut Oy\" \/>\n<meta property=\"og:description\" content=\"Kysy lis\u00e4\u00e4 palveluistamme tai pyyd\u00e4 tarjous jo t\u00e4n\u00e4\u00e4n! S\u00e4hk\u00f6posti: info@pujucon.fi Puhelin: 040 160 2361 (avoinna arkisin 10:00-14:00)\" \/>\n<meta property=\"og:url\" content=\"https:\/\/pujucon.fi\/index.php\/yhteystiedot\/\" \/>\n<meta property=\"og:site_name\" content=\"Pujucon Palvelut Oy\" \/>\n<meta property=\"article:modified_time\" content=\"2025-03-02T13:11:41+00:00\" \/>\n<meta name=\"twitter:card\" content=\"summary_large_image\" \/>\n<meta name=\"twitter:label1\" content=\"Arvioitu lukuaika\" \/>\n\t<meta name=\"twitter:data1\" content=\"1 minuutti\" \/>\n<script type=\"application\/ld+json\" class=\"yoast-schema-graph\">{\"@context\":\"https:\/\/schema.org\",\"@graph\":[{\"@type\":\"WebPage\",\"@id\":\"https:\/\/pujucon.fi\/index.php\/yhteystiedot\/\",\"url\":\"https:\/\/pujucon.fi\/index.php\/yhteystiedot\/\",\"name\":\"Yhteystiedot - Pujucon Palvelut Oy\",\"isPartOf\":{\"@id\":\"https:\/\/pujucon.fi\/#website\"},\"datePublished\":\"2024-12-15T10:32:23+00:00\",\"dateModified\":\"2025-03-02T13:11:41+00:00\",\"breadcrumb\":{\"@id\":\"https:\/\/pujucon.fi\/index.php\/yhteystiedot\/#breadcrumb\"},\"inLanguage\":\"fi\",\"potentialAction\":[{\"@type\":\"ReadAction\",\"target\":[\"https:\/\/pujucon.fi\/index.php\/yhteystiedot\/\"]}]},{\"@type\":\"BreadcrumbList\",\"@id\":\"https:\/\/pujucon.fi\/index.php\/yhteystiedot\/#breadcrumb\",\"itemListElement\":[{\"@type\":\"ListItem\",\"position\":1,\"name\":\"Home\",\"item\":\"https:\/\/pujucon.fi\/\"},{\"@type\":\"ListItem\",\"position\":2,\"name\":\"Yhteystiedot\"}]},{\"@type\":\"WebSite\",\"@id\":\"https:\/\/pujucon.fi\/#website\",\"url\":\"https:\/\/pujucon.fi\/\",\"name\":\"Pujucon Palvelut Oy\",\"description\":\"\",\"publisher\":{\"@id\":\"https:\/\/pujucon.fi\/#organization\"},\"potentialAction\":[{\"@type\":\"SearchAction\",\"target\":{\"@type\":\"EntryPoint\",\"urlTemplate\":\"https:\/\/pujucon.fi\/?s={search_term_string}\"},\"query-input\":{\"@type\":\"PropertyValueSpecification\",\"valueRequired\":true,\"valueName\":\"search_term_string\"}}],\"inLanguage\":\"fi\"},{\"@type\":\"Organization\",\"@id\":\"https:\/\/pujucon.fi\/#organization\",\"name\":\"Pujucon Palvelut Oy\",\"url\":\"https:\/\/pujucon.fi\/\",\"logo\":{\"@type\":\"ImageObject\",\"inLanguage\":\"fi\",\"@id\":\"https:\/\/pujucon.fi\/#\/schema\/logo\/image\/\",\"url\":\"https:\/\/pujucon.fi\/wp-content\/uploads\/2024\/10\/cropped-Pujucon-logo.png\",\"contentUrl\":\"https:\/\/pujucon.fi\/wp-content\/uploads\/2024\/10\/cropped-Pujucon-logo.png\",\"width\":1274,\"height\":426,\"caption\":\"Pujucon Palvelut Oy\"},\"image\":{\"@id\":\"https:\/\/pujucon.fi\/#\/schema\/logo\/image\/\"}}]}<\/script>\n<!-- \/ Yoast SEO plugin. -->","yoast_head_json":{"title":"Yhteystiedot - Pujucon Palvelut Oy","robots":{"index":"index","follow":"follow","max-snippet":"max-snippet:-1","max-image-preview":"max-image-preview:large","max-video-preview":"max-video-preview:-1"},"canonical":"https:\/\/pujucon.fi\/index.php\/yhteystiedot\/","og_locale":"fi_FI","og_type":"article","og_title":"Yhteystiedot - Pujucon Palvelut Oy","og_description":"Kysy lis\u00e4\u00e4 palveluistamme tai pyyd\u00e4 tarjous jo t\u00e4n\u00e4\u00e4n! S\u00e4hk\u00f6posti: info@pujucon.fi Puhelin: 040 160 2361 (avoinna arkisin 10:00-14:00)","og_url":"https:\/\/pujucon.fi\/index.php\/yhteystiedot\/","og_site_name":"Pujucon Palvelut Oy","article_modified_time":"2025-03-02T13:11:41+00:00","twitter_card":"summary_large_image","twitter_misc":{"Arvioitu lukuaika":"1 minuutti"},"schema":{"@context":"https:\/\/schema.org","@graph":[{"@type":"WebPage","@id":"https:\/\/pujucon.fi\/index.php\/yhteystiedot\/","url":"https:\/\/pujucon.fi\/index.php\/yhteystiedot\/","name":"Yhteystiedot - Pujucon Palvelut Oy","isPartOf":{"@id":"https:\/\/pujucon.fi\/#website"},"datePublished":"2024-12-15T10:32:23+00:00","dateModified":"2025-03-02T13:11:41+00:00","breadcrumb":{"@id":"https:\/\/pujucon.fi\/index.php\/yhteystiedot\/#breadcrumb"},"inLanguage":"fi","potentialAction":[{"@type":"ReadAction","target":["https:\/\/pujucon.fi\/index.php\/yhteystiedot\/"]}]},{"@type":"BreadcrumbList","@id":"https:\/\/pujucon.fi\/index.php\/yhteystiedot\/#breadcrumb","itemListElement":[{"@type":"ListItem","position":1,"name":"Home","item":"https:\/\/pujucon.fi\/"},{"@type":"ListItem","position":2,"name":"Yhteystiedot"}]},{"@type":"WebSite","@id":"https:\/\/pujucon.fi\/#website","url":"https:\/\/pujucon.fi\/","name":"Pujucon Palvelut Oy","description":"","publisher":{"@id":"https:\/\/pujucon.fi\/#organization"},"potentialAction":[{"@type":"SearchAction","target":{"@type":"EntryPoint","urlTemplate":"https:\/\/pujucon.fi\/?s={search_term_string}"},"query-input":{"@type":"PropertyValueSpecification","valueRequired":true,"valueName":"search_term_string"}}],"inLanguage":"fi"},{"@type":"Organization","@id":"https:\/\/pujucon.fi\/#organization","name":"Pujucon Palvelut Oy","url":"https:\/\/pujucon.fi\/","logo":{"@type":"ImageObject","inLanguage":"fi","@id":"https:\/\/pujucon.fi\/#\/schema\/logo\/image\/","url":"https:\/\/pujucon.fi\/wp-content\/uploads\/2024\/10\/cropped-Pujucon-logo.png","contentUrl":"https:\/\/pujucon.fi\/wp-content\/uploads\/2024\/10\/cropped-Pujucon-logo.png","width":1274,"height":426,"caption":"Pujucon Palvelut Oy"},"image":{"@id":"https:\/\/pujucon.fi\/#\/schema\/logo\/image\/"}}]}},"_links":{"self":[{"href":"https:\/\/pujucon.fi\/index.php\/wp-json\/wp\/v2\/pages\/55","targetHints":{"allow":["GET"]}}],"collection":[{"href":"https:\/\/pujucon.fi\/index.php\/wp-json\/wp\/v2\/pages"}],"about":[{"href":"https:\/\/pujucon.fi\/index.php\/wp-json\/wp\/v2\/types\/page"}],"author":[{"embeddable":true,"href":"https:\/\/pujucon.fi\/index.php\/wp-json\/wp\/v2\/users\/1"}],"replies":[{"embeddable":true,"href":"https:\/\/pujucon.fi\/index.php\/wp-json\/wp\/v2\/comments?post=55"}],"version-history":[{"count":4,"href":"https:\/\/pujucon.fi\/index.php\/wp-json\/wp\/v2\/pages\/55\/revisions"}],"predecessor-version":[{"id":175,"href":"https:\/\/pujucon.fi\/index.php\/wp-json\/wp\/v2\/pages\/55\/revisions\/175"}],"wp:attachment":[{"href":"https:\/\/pujucon.fi\/index.php\/wp-json\/wp\/v2\/media?parent=55"}],"curies":[{"name":"wp","href":"https:\/\/api.w.org\/{rel}","templated":true}]}}