{"id":176,"date":"2025-03-02T15:19:04","date_gmt":"2025-03-02T13:19:04","guid":{"rendered":"https:\/\/pujucon.fi\/wordpress\/?page_id=176"},"modified":"2025-03-02T15:19:11","modified_gmt":"2025-03-02T13:19:11","slug":"hairioilmoitus","status":"publish","type":"page","link":"https:\/\/pujucon.fi\/index.php\/lomakkeet\/hairioilmoitus\/","title":{"rendered":"H\u00e4iri\u00f6ilmoitus"},"content":{"rendered":"<p>Normaalit asumisen \u00e4\u00e4net, kuten suihkussa tai WC:ss\u00e4 k\u00e4yminen, lasten leikit p\u00e4iv\u00e4n aikana ja asunnossa liikkuminen, ovat tavallisia kerrostalo- ja rivitaloasumisessa. Y\u00f6aikaan kuitenkin on t\u00e4rke\u00e4\u00e4 v\u00e4ltt\u00e4\u00e4 kovien \u00e4\u00e4nien aiheuttamista h\u00e4iri\u00f6t\u00e4.<\/p>\n<p>Naapurin liiallinen metel\u00f6inti tai muu h\u00e4iritsev\u00e4 k\u00e4ytt\u00e4ytyminen ei ole hyv\u00e4ksytt\u00e4v\u00e4\u00e4. Esimerkiksi kova\u00e4\u00e4ninen metel\u00f6inti, riidat ja \u00e4\u00e4nek\u00e4s musiikin soitto voivat aiheuttaa h\u00e4iri\u00f6it\u00e4. H\u00e4iri\u00f6n arvioinnissa otetaan huomioon sen toistuvuus, ja erityisesti y\u00f6ll\u00e4 esiintyv\u00e4t h\u00e4iri\u00f6t voivat johtaa oikeudellisiin toimiin.<\/p>\n<p>Jos h\u00e4iri\u00f6n aiheuttaminen huomautuksesta huolimatta jatkuu usein, ilmoita siit\u00e4 is\u00e4nn\u00f6itsij\u00e4lle niin autamme sinua h\u00e4iri\u00f6ilmoituksen tekemisess\u00e4.<\/p>\n<p>Jos h\u00e4iri\u00f6t\u00e4 aiheuttaa v\u00e4kivaltatilanne tai muu vastaava uhka, tulee asiasta ilmoittaa suoraan poliisille.<\/p>\n","protected":false},"excerpt":{"rendered":"<p>Normaalit asumisen \u00e4\u00e4net, kuten suihkussa tai WC:ss\u00e4 k\u00e4yminen, lasten leikit p\u00e4iv\u00e4n aikana ja asunnossa liikkuminen, ovat tavallisia kerrostalo- ja rivitaloasumisessa. Y\u00f6aikaan kuitenkin on t\u00e4rke\u00e4\u00e4 v\u00e4ltt\u00e4\u00e4 kovien \u00e4\u00e4nien aiheuttamista h\u00e4iri\u00f6t\u00e4. Naapurin liiallinen metel\u00f6inti tai muu h\u00e4iritsev\u00e4 k\u00e4ytt\u00e4ytyminen ei ole hyv\u00e4ksytt\u00e4v\u00e4\u00e4. Esimerkiksi kova\u00e4\u00e4ninen metel\u00f6inti, riidat ja \u00e4\u00e4nek\u00e4s musiikin soitto voivat aiheuttaa h\u00e4iri\u00f6it\u00e4. H\u00e4iri\u00f6n arvioinnissa otetaan huomioon sen [&hellip;]<\/p>\n","protected":false},"author":1,"featured_media":0,"parent":66,"menu_order":0,"comment_status":"closed","ping_status":"closed","template":"","meta":{"footnotes":""},"class_list":["post-176","page","type-page","status-publish","hentry","post"],"yoast_head":"<!-- This site is optimized with the Yoast SEO plugin v25.4 - https:\/\/yoast.com\/wordpress\/plugins\/seo\/ -->\n<title>H\u00e4iri\u00f6ilmoitus - Pujucon Palvelut Oy<\/title>\n<meta name=\"robots\" content=\"index, follow, max-snippet:-1, max-image-preview:large, max-video-preview:-1\" \/>\n<link rel=\"canonical\" href=\"https:\/\/pujucon.fi\/index.php\/lomakkeet\/hairioilmoitus\/\" \/>\n<meta property=\"og:locale\" content=\"fi_FI\" \/>\n<meta property=\"og:type\" content=\"article\" \/>\n<meta property=\"og:title\" content=\"H\u00e4iri\u00f6ilmoitus - Pujucon Palvelut Oy\" \/>\n<meta property=\"og:description\" content=\"Normaalit asumisen \u00e4\u00e4net, kuten suihkussa tai WC:ss\u00e4 k\u00e4yminen, lasten leikit p\u00e4iv\u00e4n aikana ja asunnossa liikkuminen, ovat tavallisia kerrostalo- ja rivitaloasumisessa. Y\u00f6aikaan kuitenkin on t\u00e4rke\u00e4\u00e4 v\u00e4ltt\u00e4\u00e4 kovien \u00e4\u00e4nien aiheuttamista h\u00e4iri\u00f6t\u00e4. Naapurin liiallinen metel\u00f6inti tai muu h\u00e4iritsev\u00e4 k\u00e4ytt\u00e4ytyminen ei ole hyv\u00e4ksytt\u00e4v\u00e4\u00e4. Esimerkiksi kova\u00e4\u00e4ninen metel\u00f6inti, riidat ja \u00e4\u00e4nek\u00e4s musiikin soitto voivat aiheuttaa h\u00e4iri\u00f6it\u00e4. H\u00e4iri\u00f6n arvioinnissa otetaan huomioon sen [&hellip;]\" \/>\n<meta property=\"og:url\" content=\"https:\/\/pujucon.fi\/index.php\/lomakkeet\/hairioilmoitus\/\" \/>\n<meta property=\"og:site_name\" content=\"Pujucon Palvelut Oy\" \/>\n<meta property=\"article:modified_time\" content=\"2025-03-02T13:19:11+00:00\" \/>\n<meta name=\"twitter:card\" content=\"summary_large_image\" \/>\n<meta name=\"twitter:label1\" content=\"Arvioitu lukuaika\" \/>\n\t<meta name=\"twitter:data1\" content=\"1 minuutti\" \/>\n<script type=\"application\/ld+json\" class=\"yoast-schema-graph\">{\"@context\":\"https:\/\/schema.org\",\"@graph\":[{\"@type\":\"WebPage\",\"@id\":\"https:\/\/pujucon.fi\/index.php\/lomakkeet\/hairioilmoitus\/\",\"url\":\"https:\/\/pujucon.fi\/index.php\/lomakkeet\/hairioilmoitus\/\",\"name\":\"H\u00e4iri\u00f6ilmoitus - Pujucon Palvelut Oy\",\"isPartOf\":{\"@id\":\"https:\/\/pujucon.fi\/#website\"},\"datePublished\":\"2025-03-02T13:19:04+00:00\",\"dateModified\":\"2025-03-02T13:19:11+00:00\",\"breadcrumb\":{\"@id\":\"https:\/\/pujucon.fi\/index.php\/lomakkeet\/hairioilmoitus\/#breadcrumb\"},\"inLanguage\":\"fi\",\"potentialAction\":[{\"@type\":\"ReadAction\",\"target\":[\"https:\/\/pujucon.fi\/index.php\/lomakkeet\/hairioilmoitus\/\"]}]},{\"@type\":\"BreadcrumbList\",\"@id\":\"https:\/\/pujucon.fi\/index.php\/lomakkeet\/hairioilmoitus\/#breadcrumb\",\"itemListElement\":[{\"@type\":\"ListItem\",\"position\":1,\"name\":\"Home\",\"item\":\"https:\/\/pujucon.fi\/\"},{\"@type\":\"ListItem\",\"position\":2,\"name\":\"Lomakkeet\",\"item\":\"https:\/\/pujucon.fi\/index.php\/lomakkeet\/\"},{\"@type\":\"ListItem\",\"position\":3,\"name\":\"H\u00e4iri\u00f6ilmoitus\"}]},{\"@type\":\"WebSite\",\"@id\":\"https:\/\/pujucon.fi\/#website\",\"url\":\"https:\/\/pujucon.fi\/\",\"name\":\"Pujucon Palvelut Oy\",\"description\":\"\",\"publisher\":{\"@id\":\"https:\/\/pujucon.fi\/#organization\"},\"potentialAction\":[{\"@type\":\"SearchAction\",\"target\":{\"@type\":\"EntryPoint\",\"urlTemplate\":\"https:\/\/pujucon.fi\/?s={search_term_string}\"},\"query-input\":{\"@type\":\"PropertyValueSpecification\",\"valueRequired\":true,\"valueName\":\"search_term_string\"}}],\"inLanguage\":\"fi\"},{\"@type\":\"Organization\",\"@id\":\"https:\/\/pujucon.fi\/#organization\",\"name\":\"Pujucon Palvelut Oy\",\"url\":\"https:\/\/pujucon.fi\/\",\"logo\":{\"@type\":\"ImageObject\",\"inLanguage\":\"fi\",\"@id\":\"https:\/\/pujucon.fi\/#\/schema\/logo\/image\/\",\"url\":\"https:\/\/pujucon.fi\/wp-content\/uploads\/2024\/10\/cropped-Pujucon-logo.png\",\"contentUrl\":\"https:\/\/pujucon.fi\/wp-content\/uploads\/2024\/10\/cropped-Pujucon-logo.png\",\"width\":1274,\"height\":426,\"caption\":\"Pujucon Palvelut Oy\"},\"image\":{\"@id\":\"https:\/\/pujucon.fi\/#\/schema\/logo\/image\/\"}}]}<\/script>\n<!-- \/ Yoast SEO plugin. -->","yoast_head_json":{"title":"H\u00e4iri\u00f6ilmoitus - Pujucon Palvelut Oy","robots":{"index":"index","follow":"follow","max-snippet":"max-snippet:-1","max-image-preview":"max-image-preview:large","max-video-preview":"max-video-preview:-1"},"canonical":"https:\/\/pujucon.fi\/index.php\/lomakkeet\/hairioilmoitus\/","og_locale":"fi_FI","og_type":"article","og_title":"H\u00e4iri\u00f6ilmoitus - Pujucon Palvelut Oy","og_description":"Normaalit asumisen \u00e4\u00e4net, kuten suihkussa tai WC:ss\u00e4 k\u00e4yminen, lasten leikit p\u00e4iv\u00e4n aikana ja asunnossa liikkuminen, ovat tavallisia kerrostalo- ja rivitaloasumisessa. Y\u00f6aikaan kuitenkin on t\u00e4rke\u00e4\u00e4 v\u00e4ltt\u00e4\u00e4 kovien \u00e4\u00e4nien aiheuttamista h\u00e4iri\u00f6t\u00e4. Naapurin liiallinen metel\u00f6inti tai muu h\u00e4iritsev\u00e4 k\u00e4ytt\u00e4ytyminen ei ole hyv\u00e4ksytt\u00e4v\u00e4\u00e4. Esimerkiksi kova\u00e4\u00e4ninen metel\u00f6inti, riidat ja \u00e4\u00e4nek\u00e4s musiikin soitto voivat aiheuttaa h\u00e4iri\u00f6it\u00e4. H\u00e4iri\u00f6n arvioinnissa otetaan huomioon sen [&hellip;]","og_url":"https:\/\/pujucon.fi\/index.php\/lomakkeet\/hairioilmoitus\/","og_site_name":"Pujucon Palvelut Oy","article_modified_time":"2025-03-02T13:19:11+00:00","twitter_card":"summary_large_image","twitter_misc":{"Arvioitu lukuaika":"1 minuutti"},"schema":{"@context":"https:\/\/schema.org","@graph":[{"@type":"WebPage","@id":"https:\/\/pujucon.fi\/index.php\/lomakkeet\/hairioilmoitus\/","url":"https:\/\/pujucon.fi\/index.php\/lomakkeet\/hairioilmoitus\/","name":"H\u00e4iri\u00f6ilmoitus - Pujucon Palvelut Oy","isPartOf":{"@id":"https:\/\/pujucon.fi\/#website"},"datePublished":"2025-03-02T13:19:04+00:00","dateModified":"2025-03-02T13:19:11+00:00","breadcrumb":{"@id":"https:\/\/pujucon.fi\/index.php\/lomakkeet\/hairioilmoitus\/#breadcrumb"},"inLanguage":"fi","potentialAction":[{"@type":"ReadAction","target":["https:\/\/pujucon.fi\/index.php\/lomakkeet\/hairioilmoitus\/"]}]},{"@type":"BreadcrumbList","@id":"https:\/\/pujucon.fi\/index.php\/lomakkeet\/hairioilmoitus\/#breadcrumb","itemListElement":[{"@type":"ListItem","position":1,"name":"Home","item":"https:\/\/pujucon.fi\/"},{"@type":"ListItem","position":2,"name":"Lomakkeet","item":"https:\/\/pujucon.fi\/index.php\/lomakkeet\/"},{"@type":"ListItem","position":3,"name":"H\u00e4iri\u00f6ilmoitus"}]},{"@type":"WebSite","@id":"https:\/\/pujucon.fi\/#website","url":"https:\/\/pujucon.fi\/","name":"Pujucon Palvelut Oy","description":"","publisher":{"@id":"https:\/\/pujucon.fi\/#organization"},"potentialAction":[{"@type":"SearchAction","target":{"@type":"EntryPoint","urlTemplate":"https:\/\/pujucon.fi\/?s={search_term_string}"},"query-input":{"@type":"PropertyValueSpecification","valueRequired":true,"valueName":"search_term_string"}}],"inLanguage":"fi"},{"@type":"Organization","@id":"https:\/\/pujucon.fi\/#organization","name":"Pujucon Palvelut Oy","url":"https:\/\/pujucon.fi\/","logo":{"@type":"ImageObject","inLanguage":"fi","@id":"https:\/\/pujucon.fi\/#\/schema\/logo\/image\/","url":"https:\/\/pujucon.fi\/wp-content\/uploads\/2024\/10\/cropped-Pujucon-logo.png","contentUrl":"https:\/\/pujucon.fi\/wp-content\/uploads\/2024\/10\/cropped-Pujucon-logo.png","width":1274,"height":426,"caption":"Pujucon Palvelut Oy"},"image":{"@id":"https:\/\/pujucon.fi\/#\/schema\/logo\/image\/"}}]}},"_links":{"self":[{"href":"https:\/\/pujucon.fi\/index.php\/wp-json\/wp\/v2\/pages\/176","targetHints":{"allow":["GET"]}}],"collection":[{"href":"https:\/\/pujucon.fi\/index.php\/wp-json\/wp\/v2\/pages"}],"about":[{"href":"https:\/\/pujucon.fi\/index.php\/wp-json\/wp\/v2\/types\/page"}],"author":[{"embeddable":true,"href":"https:\/\/pujucon.fi\/index.php\/wp-json\/wp\/v2\/users\/1"}],"replies":[{"embeddable":true,"href":"https:\/\/pujucon.fi\/index.php\/wp-json\/wp\/v2\/comments?post=176"}],"version-history":[{"count":1,"href":"https:\/\/pujucon.fi\/index.php\/wp-json\/wp\/v2\/pages\/176\/revisions"}],"predecessor-version":[{"id":177,"href":"https:\/\/pujucon.fi\/index.php\/wp-json\/wp\/v2\/pages\/176\/revisions\/177"}],"up":[{"embeddable":true,"href":"https:\/\/pujucon.fi\/index.php\/wp-json\/wp\/v2\/pages\/66"}],"wp:attachment":[{"href":"https:\/\/pujucon.fi\/index.php\/wp-json\/wp\/v2\/media?parent=176"}],"curies":[{"name":"wp","href":"https:\/\/api.w.org\/{rel}","templated":true}]}}