{"id":137,"date":"2025-01-01T13:08:20","date_gmt":"2025-01-01T13:08:20","guid":{"rendered":"https:\/\/pujucon.fi\/wordpress\/?page_id=137"},"modified":"2025-01-01T13:08:20","modified_gmt":"2025-01-01T13:08:20","slug":"tarjouspyynto-isannoinnista","status":"publish","type":"page","link":"https:\/\/pujucon.fi\/index.php\/lomakkeet\/tarjouspyynto-isannoinnista\/","title":{"rendered":"Tarjouspyynt\u00f6 is\u00e4nn\u00f6innist\u00e4"},"content":{"rendered":"\n<div class=\"wpcf7 no-js\" id=\"wpcf7-f135-o1\" lang=\"en-US\" dir=\"ltr\" data-wpcf7-id=\"135\">\n<div class=\"screen-reader-response\"><p role=\"status\" aria-live=\"polite\" aria-atomic=\"true\"><\/p> <ul><\/ul><\/div>\n<form action=\"\/index.php\/wp-json\/wp\/v2\/pages\/137#wpcf7-f135-o1\" method=\"post\" class=\"wpcf7-form init\" aria-label=\"Contact form\" enctype=\"multipart\/form-data\" novalidate=\"novalidate\" data-status=\"init\">\n<fieldset class=\"hidden-fields-container\"><input type=\"hidden\" name=\"_wpcf7\" value=\"135\" \/><input type=\"hidden\" name=\"_wpcf7_version\" value=\"6.1\" \/><input type=\"hidden\" name=\"_wpcf7_locale\" value=\"en_US\" \/><input type=\"hidden\" name=\"_wpcf7_unit_tag\" value=\"wpcf7-f135-o1\" \/><input type=\"hidden\" name=\"_wpcf7_container_post\" value=\"0\" \/><input type=\"hidden\" name=\"_wpcf7_posted_data_hash\" value=\"\" \/><input type=\"hidden\" name=\"_wpcf7cf_hidden_group_fields\" value=\"[]\" \/><input type=\"hidden\" name=\"_wpcf7cf_hidden_groups\" value=\"[]\" \/><input type=\"hidden\" name=\"_wpcf7cf_visible_groups\" value=\"[]\" \/><input type=\"hidden\" name=\"_wpcf7cf_repeaters\" value=\"[]\" \/><input type=\"hidden\" name=\"_wpcf7cf_steps\" value=\"{}\" \/><input type=\"hidden\" name=\"_wpcf7cf_options\" value=\"{&quot;form_id&quot;:135,&quot;conditions&quot;:[],&quot;settings&quot;:{&quot;animation&quot;:&quot;yes&quot;,&quot;animation_intime&quot;:200,&quot;animation_outtime&quot;:200,&quot;conditions_ui&quot;:&quot;normal&quot;,&quot;notice_dismissed&quot;:false}}\" \/>\n<\/fieldset>\n<p><label>Taloyhti\u00f6n nimi *<\/label><br \/>\n<span class=\"wpcf7-form-control-wrap\" data-name=\"taloyhtion_nimi\"><input size=\"40\" maxlength=\"400\" class=\"wpcf7-form-control wpcf7-text wpcf7-validates-as-required\" aria-required=\"true\" aria-invalid=\"false\" value=\"\" type=\"text\" name=\"taloyhtion_nimi\" \/><\/span>\n<\/p>\n<p><label>Taloyhti\u00f6n osoite *<\/label><br \/>\n<span class=\"wpcf7-form-control-wrap\" data-name=\"taloyhtion_osoite\"><input size=\"40\" maxlength=\"400\" class=\"wpcf7-form-control wpcf7-text wpcf7-validates-as-required\" aria-required=\"true\" aria-invalid=\"false\" value=\"\" type=\"text\" name=\"taloyhtion_osoite\" \/><\/span>\n<\/p>\n<p><label>Yhteyshenkil\u00f6 *<\/label><br \/>\n<span class=\"wpcf7-form-control-wrap\" data-name=\"yhteyshenkilo\"><input size=\"40\" maxlength=\"400\" class=\"wpcf7-form-control wpcf7-text wpcf7-validates-as-required\" aria-required=\"true\" aria-invalid=\"false\" value=\"\" type=\"text\" name=\"yhteyshenkilo\" \/><\/span>\n<\/p>\n<p><label>Asema yhti\u00f6ss\u00e4 *<\/label><br \/>\n<span class=\"wpcf7-form-control-wrap\" data-name=\"asema_yhtiossa\"><input size=\"40\" maxlength=\"400\" class=\"wpcf7-form-control wpcf7-text wpcf7-validates-as-required\" aria-required=\"true\" aria-invalid=\"false\" value=\"\" type=\"text\" name=\"asema_yhtiossa\" \/><\/span>\n<\/p>\n<p><label>Yhteyshenkil\u00f6n osoite *<\/label><br \/>\n<span class=\"wpcf7-form-control-wrap\" data-name=\"yhteyshenkilon_osoite\"><input size=\"40\" maxlength=\"400\" class=\"wpcf7-form-control wpcf7-text wpcf7-validates-as-required\" aria-required=\"true\" aria-invalid=\"false\" value=\"\" type=\"text\" name=\"yhteyshenkilon_osoite\" \/><\/span>\n<\/p>\n<p><label>Puhelin*<\/label><br \/>\n<span class=\"wpcf7-form-control-wrap\" data-name=\"puhelin\"><input size=\"40\" maxlength=\"400\" class=\"wpcf7-form-control wpcf7-tel wpcf7-validates-as-required wpcf7-text wpcf7-validates-as-tel\" aria-required=\"true\" aria-invalid=\"false\" value=\"\" type=\"tel\" name=\"puhelin\" \/><\/span>\n<\/p>\n<p><label>S\u00e4hk\u00f6posti *<\/label><br \/>\n<span class=\"wpcf7-form-control-wrap\" data-name=\"sahkoposti\"><input size=\"40\" maxlength=\"400\" class=\"wpcf7-form-control wpcf7-email wpcf7-validates-as-required wpcf7-text wpcf7-validates-as-email\" aria-required=\"true\" aria-invalid=\"false\" value=\"\" type=\"email\" name=\"sahkoposti\" \/><\/span>\n<\/p>\n<p><label>Tarjousta toivotaan (pvm) menness\u00e4<\/label><br \/>\n<span class=\"wpcf7-form-control-wrap\" data-name=\"tarjous_toimitettava\"><input class=\"wpcf7-form-control wpcf7-date wpcf7-validates-as-date\" aria-invalid=\"false\" value=\"\" type=\"date\" name=\"tarjous_toimitettava\" \/><\/span>\n<\/p>\n<p><strong>Tiedot rakennuksesta<\/strong>\n<\/p>\n<p><label>T\u00e4h\u00e4n voit halutessasi liitt\u00e4\u00e4 esimerkiksi yhti\u00f6j\u00e4rjestyksen, viimeisimm\u00e4n tilinp\u00e4\u00e4t\u00f6ksen tai is\u00e4nn\u00f6itsij\u00e4ntodistuksen (useampi liite pyydet\u00e4\u00e4n paketoimaan zip-tiedostoksi)<\/label>\n<\/p>\n<p><label> Liitteiden lataus<\/label><br \/>\n<span class=\"wpcf7-form-control-wrap\" data-name=\"liitteet\"><input size=\"40\" class=\"wpcf7-form-control wpcf7-file\" accept=\".pdf,.doc,.docx,.odt,.zip\" aria-invalid=\"false\" type=\"file\" name=\"liitteet\" \/><\/span>\n<\/p>\n<p><span class=\"wpcf7-form-control-wrap\" data-name=\"tietosuoja\"><span class=\"wpcf7-form-control wpcf7-acceptance\"><span class=\"wpcf7-list-item\"><input type=\"checkbox\" name=\"tietosuoja\" value=\"1\" aria-invalid=\"false\" \/><\/span><\/span><\/span> Hyv\u00e4ksyn henkil\u00f6tietojeni k\u00e4yt\u00f6n <a href=\"https:\/\/pujucon.fi\/wordpress\/wp-content\/uploads\/2025\/03\/Pujucon-Palvelut-Oy-tietosuojaseloste.pdf\" target=\"_blank\">tietosuojaselosteen<\/a> mukaisesti.\n<\/p>\n<p><input class=\"wpcf7-form-control wpcf7-submit has-spinner\" type=\"submit\" value=\"L\u00e4het\u00e4\" \/>\n<\/p><p style=\"display: none !important;\" class=\"akismet-fields-container\" data-prefix=\"_wpcf7_ak_\"><label>&#916;<textarea name=\"_wpcf7_ak_hp_textarea\" cols=\"45\" rows=\"8\" maxlength=\"100\"><\/textarea><\/label><input type=\"hidden\" id=\"ak_js_1\" name=\"_wpcf7_ak_js\" value=\"85\"\/><script>document.getElementById( \"ak_js_1\" ).setAttribute( \"value\", ( new Date() ).getTime() );<\/script><\/p><div class=\"wpcf7-response-output\" aria-hidden=\"true\"><\/div>\n<\/form>\n<\/div>\n\n","protected":false},"excerpt":{"rendered":"","protected":false},"author":1,"featured_media":0,"parent":66,"menu_order":0,"comment_status":"closed","ping_status":"closed","template":"","meta":{"footnotes":""},"class_list":["post-137","page","type-page","status-publish","hentry","post"],"yoast_head":"<!-- This site is optimized with the Yoast SEO plugin v25.4 - https:\/\/yoast.com\/wordpress\/plugins\/seo\/ -->\n<title>Tarjouspyynt\u00f6 is\u00e4nn\u00f6innist\u00e4 - Pujucon Palvelut Oy<\/title>\n<meta name=\"robots\" content=\"index, follow, max-snippet:-1, max-image-preview:large, max-video-preview:-1\" \/>\n<link rel=\"canonical\" href=\"https:\/\/pujucon.fi\/index.php\/lomakkeet\/tarjouspyynto-isannoinnista\/\" \/>\n<meta property=\"og:locale\" content=\"fi_FI\" \/>\n<meta property=\"og:type\" content=\"article\" \/>\n<meta property=\"og:title\" content=\"Tarjouspyynt\u00f6 is\u00e4nn\u00f6innist\u00e4 - Pujucon Palvelut Oy\" \/>\n<meta property=\"og:url\" content=\"https:\/\/pujucon.fi\/index.php\/lomakkeet\/tarjouspyynto-isannoinnista\/\" \/>\n<meta property=\"og:site_name\" content=\"Pujucon Palvelut Oy\" \/>\n<meta name=\"twitter:card\" content=\"summary_large_image\" \/>\n<script type=\"application\/ld+json\" class=\"yoast-schema-graph\">{\"@context\":\"https:\/\/schema.org\",\"@graph\":[{\"@type\":\"WebPage\",\"@id\":\"https:\/\/pujucon.fi\/index.php\/lomakkeet\/tarjouspyynto-isannoinnista\/\",\"url\":\"https:\/\/pujucon.fi\/index.php\/lomakkeet\/tarjouspyynto-isannoinnista\/\",\"name\":\"Tarjouspyynt\u00f6 is\u00e4nn\u00f6innist\u00e4 - Pujucon Palvelut Oy\",\"isPartOf\":{\"@id\":\"https:\/\/pujucon.fi\/#website\"},\"datePublished\":\"2025-01-01T13:08:20+00:00\",\"breadcrumb\":{\"@id\":\"https:\/\/pujucon.fi\/index.php\/lomakkeet\/tarjouspyynto-isannoinnista\/#breadcrumb\"},\"inLanguage\":\"fi\",\"potentialAction\":[{\"@type\":\"ReadAction\",\"target\":[\"https:\/\/pujucon.fi\/index.php\/lomakkeet\/tarjouspyynto-isannoinnista\/\"]}]},{\"@type\":\"BreadcrumbList\",\"@id\":\"https:\/\/pujucon.fi\/index.php\/lomakkeet\/tarjouspyynto-isannoinnista\/#breadcrumb\",\"itemListElement\":[{\"@type\":\"ListItem\",\"position\":1,\"name\":\"Home\",\"item\":\"https:\/\/pujucon.fi\/\"},{\"@type\":\"ListItem\",\"position\":2,\"name\":\"Lomakkeet\",\"item\":\"https:\/\/pujucon.fi\/index.php\/lomakkeet\/\"},{\"@type\":\"ListItem\",\"position\":3,\"name\":\"Tarjouspyynt\u00f6 is\u00e4nn\u00f6innist\u00e4\"}]},{\"@type\":\"WebSite\",\"@id\":\"https:\/\/pujucon.fi\/#website\",\"url\":\"https:\/\/pujucon.fi\/\",\"name\":\"Pujucon Palvelut Oy\",\"description\":\"\",\"publisher\":{\"@id\":\"https:\/\/pujucon.fi\/#organization\"},\"potentialAction\":[{\"@type\":\"SearchAction\",\"target\":{\"@type\":\"EntryPoint\",\"urlTemplate\":\"https:\/\/pujucon.fi\/?s={search_term_string}\"},\"query-input\":{\"@type\":\"PropertyValueSpecification\",\"valueRequired\":true,\"valueName\":\"search_term_string\"}}],\"inLanguage\":\"fi\"},{\"@type\":\"Organization\",\"@id\":\"https:\/\/pujucon.fi\/#organization\",\"name\":\"Pujucon Palvelut Oy\",\"url\":\"https:\/\/pujucon.fi\/\",\"logo\":{\"@type\":\"ImageObject\",\"inLanguage\":\"fi\",\"@id\":\"https:\/\/pujucon.fi\/#\/schema\/logo\/image\/\",\"url\":\"https:\/\/pujucon.fi\/wp-content\/uploads\/2024\/10\/cropped-Pujucon-logo.png\",\"contentUrl\":\"https:\/\/pujucon.fi\/wp-content\/uploads\/2024\/10\/cropped-Pujucon-logo.png\",\"width\":1274,\"height\":426,\"caption\":\"Pujucon Palvelut Oy\"},\"image\":{\"@id\":\"https:\/\/pujucon.fi\/#\/schema\/logo\/image\/\"}}]}<\/script>\n<!-- \/ Yoast SEO plugin. -->","yoast_head_json":{"title":"Tarjouspyynt\u00f6 is\u00e4nn\u00f6innist\u00e4 - Pujucon Palvelut Oy","robots":{"index":"index","follow":"follow","max-snippet":"max-snippet:-1","max-image-preview":"max-image-preview:large","max-video-preview":"max-video-preview:-1"},"canonical":"https:\/\/pujucon.fi\/index.php\/lomakkeet\/tarjouspyynto-isannoinnista\/","og_locale":"fi_FI","og_type":"article","og_title":"Tarjouspyynt\u00f6 is\u00e4nn\u00f6innist\u00e4 - Pujucon Palvelut Oy","og_url":"https:\/\/pujucon.fi\/index.php\/lomakkeet\/tarjouspyynto-isannoinnista\/","og_site_name":"Pujucon Palvelut Oy","twitter_card":"summary_large_image","schema":{"@context":"https:\/\/schema.org","@graph":[{"@type":"WebPage","@id":"https:\/\/pujucon.fi\/index.php\/lomakkeet\/tarjouspyynto-isannoinnista\/","url":"https:\/\/pujucon.fi\/index.php\/lomakkeet\/tarjouspyynto-isannoinnista\/","name":"Tarjouspyynt\u00f6 is\u00e4nn\u00f6innist\u00e4 - Pujucon Palvelut Oy","isPartOf":{"@id":"https:\/\/pujucon.fi\/#website"},"datePublished":"2025-01-01T13:08:20+00:00","breadcrumb":{"@id":"https:\/\/pujucon.fi\/index.php\/lomakkeet\/tarjouspyynto-isannoinnista\/#breadcrumb"},"inLanguage":"fi","potentialAction":[{"@type":"ReadAction","target":["https:\/\/pujucon.fi\/index.php\/lomakkeet\/tarjouspyynto-isannoinnista\/"]}]},{"@type":"BreadcrumbList","@id":"https:\/\/pujucon.fi\/index.php\/lomakkeet\/tarjouspyynto-isannoinnista\/#breadcrumb","itemListElement":[{"@type":"ListItem","position":1,"name":"Home","item":"https:\/\/pujucon.fi\/"},{"@type":"ListItem","position":2,"name":"Lomakkeet","item":"https:\/\/pujucon.fi\/index.php\/lomakkeet\/"},{"@type":"ListItem","position":3,"name":"Tarjouspyynt\u00f6 is\u00e4nn\u00f6innist\u00e4"}]},{"@type":"WebSite","@id":"https:\/\/pujucon.fi\/#website","url":"https:\/\/pujucon.fi\/","name":"Pujucon Palvelut Oy","description":"","publisher":{"@id":"https:\/\/pujucon.fi\/#organization"},"potentialAction":[{"@type":"SearchAction","target":{"@type":"EntryPoint","urlTemplate":"https:\/\/pujucon.fi\/?s={search_term_string}"},"query-input":{"@type":"PropertyValueSpecification","valueRequired":true,"valueName":"search_term_string"}}],"inLanguage":"fi"},{"@type":"Organization","@id":"https:\/\/pujucon.fi\/#organization","name":"Pujucon Palvelut Oy","url":"https:\/\/pujucon.fi\/","logo":{"@type":"ImageObject","inLanguage":"fi","@id":"https:\/\/pujucon.fi\/#\/schema\/logo\/image\/","url":"https:\/\/pujucon.fi\/wp-content\/uploads\/2024\/10\/cropped-Pujucon-logo.png","contentUrl":"https:\/\/pujucon.fi\/wp-content\/uploads\/2024\/10\/cropped-Pujucon-logo.png","width":1274,"height":426,"caption":"Pujucon Palvelut Oy"},"image":{"@id":"https:\/\/pujucon.fi\/#\/schema\/logo\/image\/"}}]}},"_links":{"self":[{"href":"https:\/\/pujucon.fi\/index.php\/wp-json\/wp\/v2\/pages\/137","targetHints":{"allow":["GET"]}}],"collection":[{"href":"https:\/\/pujucon.fi\/index.php\/wp-json\/wp\/v2\/pages"}],"about":[{"href":"https:\/\/pujucon.fi\/index.php\/wp-json\/wp\/v2\/types\/page"}],"author":[{"embeddable":true,"href":"https:\/\/pujucon.fi\/index.php\/wp-json\/wp\/v2\/users\/1"}],"replies":[{"embeddable":true,"href":"https:\/\/pujucon.fi\/index.php\/wp-json\/wp\/v2\/comments?post=137"}],"version-history":[{"count":1,"href":"https:\/\/pujucon.fi\/index.php\/wp-json\/wp\/v2\/pages\/137\/revisions"}],"predecessor-version":[{"id":138,"href":"https:\/\/pujucon.fi\/index.php\/wp-json\/wp\/v2\/pages\/137\/revisions\/138"}],"up":[{"embeddable":true,"href":"https:\/\/pujucon.fi\/index.php\/wp-json\/wp\/v2\/pages\/66"}],"wp:attachment":[{"href":"https:\/\/pujucon.fi\/index.php\/wp-json\/wp\/v2\/media?parent=137"}],"curies":[{"name":"wp","href":"https:\/\/api.w.org\/{rel}","templated":true}]}}